{"id":540,"date":"2026-02-23T15:00:08","date_gmt":"2026-02-23T15:00:08","guid":{"rendered":"https:\/\/stredog.com\/?post_type=product&#038;p=540"},"modified":"2026-02-23T15:00:45","modified_gmt":"2026-02-23T15:00:45","slug":"collare-40mm","status":"publish","type":"product","link":"https:\/\/stredog.com\/en\/prodotto\/collare-40mm\/","title":{"rendered":"Collare 40mm"},"content":{"rendered":"","protected":false},"excerpt":{"rendered":"<p class=\"p1\">Il Collare 40 mm \u00e8 progettato per garantire resistenza, stabilit\u00e0 e comfort durante le passeggiate quotidiane e le attivit\u00e0 pi\u00f9 dinamiche. La larghezza di 40 mm assicura una distribuzione uniforme della pressione sul collo del cane, offrendo maggiore sicurezza e controllo anche in caso di trazioni improvvise.<\/p>\n<p class=\"p1\">Realizzato con materiali robusti e cuciture rinforzate, \u00e8 indicato per cani di taglia media e grande che necessitano di un accessorio solido e affidabile. La struttura mantiene forma e stabilit\u00e0 nel tempo, anche con utilizzo frequente.<\/p>\n<p class=\"p1\">Il sistema di regolazione consente di adattare facilmente il collare alla circonferenza del collo, garantendo una vestibilit\u00e0 precisa e confortevole. L\u2019anello in metallo resistente permette un aggancio rapido e sicuro del guinzaglio.<\/p>\n<p class=\"p1\">Disponibile in diverse colorazioni, il Collare 40 mm unisce funzionalit\u00e0 ed estetica in un accessorio pratico, pensato per accompagnare il tuo cane ogni giorno con sicurezza e affidabilit\u00e0.<\/p>\n","protected":false},"featured_media":541,"template":"","meta":[],"product_brand":[],"product_cat":[17],"product_tag":[],"class_list":{"0":"post-540","1":"product","2":"type-product","3":"status-publish","4":"has-post-thumbnail","6":"product_cat-senza-categoria","8":"first","9":"instock","10":"shipping-taxable","11":"product-type-simple"},"yoast_head":"<!-- This site is optimized with the Yoast SEO plugin v27.0 - https:\/\/yoast.com\/product\/yoast-seo-wordpress\/ -->\n<title>Collare 40mm - StreDog<\/title>\n<meta name=\"robots\" content=\"noindex, follow, max-snippet:-1, max-image-preview:large, max-video-preview:-1\" \/>\n<meta property=\"og:locale\" content=\"it_IT\" \/>\n<meta property=\"og:type\" content=\"article\" \/>\n<meta property=\"og:title\" content=\"Collare 40mm - StreDog\" \/>\n<meta property=\"og:description\" content=\"Il Collare 40 mm \u00e8 progettato per garantire resistenza, stabilit\u00e0 e comfort durante le passeggiate quotidiane e le attivit\u00e0 pi\u00f9 dinamiche. La larghezza di 40 mm assicura una distribuzione uniforme della pressione sul collo del cane, offrendo maggiore sicurezza e controllo anche in caso di trazioni improvvise. Realizzato con materiali robusti e cuciture rinforzate, \u00e8 indicato per cani di taglia media e grande che necessitano di un accessorio solido e affidabile. La struttura mantiene forma e stabilit\u00e0 nel tempo, anche con utilizzo frequente. Il sistema di regolazione consente di adattare facilmente il collare alla circonferenza del collo, garantendo una vestibilit\u00e0 precisa e confortevole. L\u2019anello in metallo resistente permette un aggancio rapido e sicuro del guinzaglio. Disponibile in diverse colorazioni, il Collare 40 mm unisce funzionalit\u00e0 ed estetica in un accessorio pratico, pensato per accompagnare il tuo cane ogni giorno con sicurezza e affidabilit\u00e0.\" \/>\n<meta property=\"og:url\" content=\"https:\/\/stredog.com\/en\/prodotto\/collare-40mm\/\" \/>\n<meta property=\"og:site_name\" content=\"StreDog\" \/>\n<meta property=\"article:modified_time\" content=\"2026-02-23T15:00:45+00:00\" \/>\n<meta property=\"og:image\" content=\"https:\/\/stredog.com\/en\/wp-content\/uploads\/2026\/02\/DO1A2059_objava.jpg\" \/>\n\t<meta property=\"og:image:width\" content=\"2048\" \/>\n\t<meta property=\"og:image:height\" content=\"1365\" \/>\n\t<meta property=\"og:image:type\" content=\"image\/jpeg\" \/>\n<meta name=\"twitter:card\" content=\"summary_large_image\" \/>\n<meta name=\"twitter:label1\" content=\"Tempo di lettura stimato\" \/>\n\t<meta name=\"twitter:data1\" content=\"1 minuto\" \/>\n<script type=\"application\/ld+json\" class=\"yoast-schema-graph\">{\"@context\":\"https:\/\/schema.org\",\"@graph\":[{\"@type\":\"WebPage\",\"@id\":\"https:\/\/stredog.com\/en\/prodotto\/collare-40mm\/\",\"url\":\"https:\/\/stredog.com\/en\/prodotto\/collare-40mm\/\",\"name\":\"Collare 40mm - StreDog\",\"isPartOf\":{\"@id\":\"https:\/\/stredog.com\/en\/#website\"},\"primaryImageOfPage\":{\"@id\":\"https:\/\/stredog.com\/en\/prodotto\/collare-40mm\/#primaryimage\"},\"image\":{\"@id\":\"https:\/\/stredog.com\/en\/prodotto\/collare-40mm\/#primaryimage\"},\"thumbnailUrl\":\"https:\/\/stredog.com\/en\/wp-content\/uploads\/2026\/02\/DO1A2059_objava.jpg\",\"datePublished\":\"2026-02-23T15:00:08+00:00\",\"dateModified\":\"2026-02-23T15:00:45+00:00\",\"breadcrumb\":{\"@id\":\"https:\/\/stredog.com\/en\/prodotto\/collare-40mm\/#breadcrumb\"},\"inLanguage\":\"it-IT\",\"potentialAction\":[{\"@type\":\"ReadAction\",\"target\":[\"https:\/\/stredog.com\/en\/prodotto\/collare-40mm\/\"]}]},{\"@type\":\"ImageObject\",\"inLanguage\":\"it-IT\",\"@id\":\"https:\/\/stredog.com\/en\/prodotto\/collare-40mm\/#primaryimage\",\"url\":\"https:\/\/stredog.com\/en\/wp-content\/uploads\/2026\/02\/DO1A2059_objava.jpg\",\"contentUrl\":\"https:\/\/stredog.com\/en\/wp-content\/uploads\/2026\/02\/DO1A2059_objava.jpg\",\"width\":2048,\"height\":1365},{\"@type\":\"BreadcrumbList\",\"@id\":\"https:\/\/stredog.com\/en\/prodotto\/collare-40mm\/#breadcrumb\",\"itemListElement\":[{\"@type\":\"ListItem\",\"position\":1,\"name\":\"Home\",\"item\":\"https:\/\/stredog.com\/en\/\"},{\"@type\":\"ListItem\",\"position\":2,\"name\":\"Shop\",\"item\":\"https:\/\/stredog.com\/en\/negozio\/\"},{\"@type\":\"ListItem\",\"position\":3,\"name\":\"Collare 40mm\"}]},{\"@type\":\"WebSite\",\"@id\":\"https:\/\/stredog.com\/en\/#website\",\"url\":\"https:\/\/stredog.com\/en\/\",\"name\":\"StreDog\",\"description\":\"\",\"potentialAction\":[{\"@type\":\"SearchAction\",\"target\":{\"@type\":\"EntryPoint\",\"urlTemplate\":\"https:\/\/stredog.com\/en\/?s={search_term_string}\"},\"query-input\":{\"@type\":\"PropertyValueSpecification\",\"valueRequired\":true,\"valueName\":\"search_term_string\"}}],\"inLanguage\":\"it-IT\"}]}<\/script>\n<!-- \/ Yoast SEO plugin. -->","yoast_head_json":{"title":"Collare 40mm - StreDog","robots":{"index":"noindex","follow":"follow","max-snippet":"max-snippet:-1","max-image-preview":"max-image-preview:large","max-video-preview":"max-video-preview:-1"},"og_locale":"it_IT","og_type":"article","og_title":"Collare 40mm - StreDog","og_description":"Il Collare 40 mm \u00e8 progettato per garantire resistenza, stabilit\u00e0 e comfort durante le passeggiate quotidiane e le attivit\u00e0 pi\u00f9 dinamiche. La larghezza di 40 mm assicura una distribuzione uniforme della pressione sul collo del cane, offrendo maggiore sicurezza e controllo anche in caso di trazioni improvvise. Realizzato con materiali robusti e cuciture rinforzate, \u00e8 indicato per cani di taglia media e grande che necessitano di un accessorio solido e affidabile. La struttura mantiene forma e stabilit\u00e0 nel tempo, anche con utilizzo frequente. Il sistema di regolazione consente di adattare facilmente il collare alla circonferenza del collo, garantendo una vestibilit\u00e0 precisa e confortevole. L\u2019anello in metallo resistente permette un aggancio rapido e sicuro del guinzaglio. Disponibile in diverse colorazioni, il Collare 40 mm unisce funzionalit\u00e0 ed estetica in un accessorio pratico, pensato per accompagnare il tuo cane ogni giorno con sicurezza e affidabilit\u00e0.","og_url":"https:\/\/stredog.com\/en\/prodotto\/collare-40mm\/","og_site_name":"StreDog","article_modified_time":"2026-02-23T15:00:45+00:00","og_image":[{"width":2048,"height":1365,"url":"https:\/\/stredog.com\/en\/wp-content\/uploads\/2026\/02\/DO1A2059_objava.jpg","type":"image\/jpeg"}],"twitter_card":"summary_large_image","twitter_misc":{"Tempo di lettura stimato":"1 minuto"},"schema":{"@context":"https:\/\/schema.org","@graph":[{"@type":"WebPage","@id":"https:\/\/stredog.com\/en\/prodotto\/collare-40mm\/","url":"https:\/\/stredog.com\/en\/prodotto\/collare-40mm\/","name":"Collare 40mm - StreDog","isPartOf":{"@id":"https:\/\/stredog.com\/en\/#website"},"primaryImageOfPage":{"@id":"https:\/\/stredog.com\/en\/prodotto\/collare-40mm\/#primaryimage"},"image":{"@id":"https:\/\/stredog.com\/en\/prodotto\/collare-40mm\/#primaryimage"},"thumbnailUrl":"https:\/\/stredog.com\/en\/wp-content\/uploads\/2026\/02\/DO1A2059_objava.jpg","datePublished":"2026-02-23T15:00:08+00:00","dateModified":"2026-02-23T15:00:45+00:00","breadcrumb":{"@id":"https:\/\/stredog.com\/en\/prodotto\/collare-40mm\/#breadcrumb"},"inLanguage":"it-IT","potentialAction":[{"@type":"ReadAction","target":["https:\/\/stredog.com\/en\/prodotto\/collare-40mm\/"]}]},{"@type":"ImageObject","inLanguage":"it-IT","@id":"https:\/\/stredog.com\/en\/prodotto\/collare-40mm\/#primaryimage","url":"https:\/\/stredog.com\/en\/wp-content\/uploads\/2026\/02\/DO1A2059_objava.jpg","contentUrl":"https:\/\/stredog.com\/en\/wp-content\/uploads\/2026\/02\/DO1A2059_objava.jpg","width":2048,"height":1365},{"@type":"BreadcrumbList","@id":"https:\/\/stredog.com\/en\/prodotto\/collare-40mm\/#breadcrumb","itemListElement":[{"@type":"ListItem","position":1,"name":"Home","item":"https:\/\/stredog.com\/en\/"},{"@type":"ListItem","position":2,"name":"Shop","item":"https:\/\/stredog.com\/en\/negozio\/"},{"@type":"ListItem","position":3,"name":"Collare 40mm"}]},{"@type":"WebSite","@id":"https:\/\/stredog.com\/en\/#website","url":"https:\/\/stredog.com\/en\/","name":"StreDog","description":"","potentialAction":[{"@type":"SearchAction","target":{"@type":"EntryPoint","urlTemplate":"https:\/\/stredog.com\/en\/?s={search_term_string}"},"query-input":{"@type":"PropertyValueSpecification","valueRequired":true,"valueName":"search_term_string"}}],"inLanguage":"it-IT"}]}},"_links":{"self":[{"href":"https:\/\/stredog.com\/en\/wp-json\/wp\/v2\/product\/540","targetHints":{"allow":["GET"]}}],"collection":[{"href":"https:\/\/stredog.com\/en\/wp-json\/wp\/v2\/product"}],"about":[{"href":"https:\/\/stredog.com\/en\/wp-json\/wp\/v2\/types\/product"}],"wp:featuredmedia":[{"embeddable":true,"href":"https:\/\/stredog.com\/en\/wp-json\/wp\/v2\/media\/541"}],"wp:attachment":[{"href":"https:\/\/stredog.com\/en\/wp-json\/wp\/v2\/media?parent=540"}],"wp:term":[{"taxonomy":"product_brand","embeddable":true,"href":"https:\/\/stredog.com\/en\/wp-json\/wp\/v2\/product_brand?post=540"},{"taxonomy":"product_cat","embeddable":true,"href":"https:\/\/stredog.com\/en\/wp-json\/wp\/v2\/product_cat?post=540"},{"taxonomy":"product_tag","embeddable":true,"href":"https:\/\/stredog.com\/en\/wp-json\/wp\/v2\/product_tag?post=540"}],"curies":[{"name":"wp","href":"https:\/\/api.w.org\/{rel}","templated":true}]}}