{"id":531,"date":"2026-02-23T14:53:38","date_gmt":"2026-02-23T14:53:38","guid":{"rendered":"https:\/\/stredog.com\/?post_type=product&#038;p=531"},"modified":"2026-02-23T14:54:28","modified_gmt":"2026-02-23T14:54:28","slug":"collare-tattico","status":"publish","type":"product","link":"https:\/\/stredog.com\/en\/prodotto\/collare-tattico\/","title":{"rendered":"Collare tattico"},"content":{"rendered":"","protected":false},"excerpt":{"rendered":"<p class=\"p1\">Il Collare Tattico \u00e8 progettato per offrire massima resistenza e controllo anche nelle situazioni pi\u00f9 impegnative. Realizzato con materiali robusti e cuciture rinforzate, \u00e8 pensato per cani di taglia media e grande che necessitano di un accessorio solido e affidabile.<\/p>\n<p class=\"p1\">La struttura ampia e rinforzata garantisce stabilit\u00e0 e distribuzione uniforme della pressione sul collo, assicurando comfort anche durante le attivit\u00e0 pi\u00f9 dinamiche. L\u2019interno \u00e8 studiato per ridurre sfregamenti e mantenere una vestibilit\u00e0 sicura e stabile.<\/p>\n<p class=\"p1\">Dotato di anello in metallo ad alta resistenza per l\u2019aggancio del guinzaglio, consente un controllo preciso e immediato. Il sistema di chiusura \u00e8 progettato per offrire sicurezza e praticit\u00e0, permettendo una regolazione semplice e una calzata personalizzata.<\/p>\n<p class=\"p1\">Ideale per attivit\u00e0 sportive, addestramento o passeggiate quotidiane con cani energici, il Collare Tattico unisce funzionalit\u00e0, robustezza ed estetica in un accessorio pensato per durare nel tempo<\/p>\n","protected":false},"featured_media":532,"template":"","meta":[],"product_brand":[],"product_cat":[17],"product_tag":[],"class_list":{"0":"post-531","1":"product","2":"type-product","3":"status-publish","4":"has-post-thumbnail","6":"product_cat-senza-categoria","8":"first","9":"instock","10":"shipping-taxable","11":"product-type-simple"},"yoast_head":"<!-- This site is optimized with the Yoast SEO plugin v27.0 - https:\/\/yoast.com\/product\/yoast-seo-wordpress\/ -->\n<title>Collare tattico - StreDog<\/title>\n<meta name=\"robots\" content=\"noindex, follow, max-snippet:-1, max-image-preview:large, max-video-preview:-1\" \/>\n<meta property=\"og:locale\" content=\"it_IT\" \/>\n<meta property=\"og:type\" content=\"article\" \/>\n<meta property=\"og:title\" content=\"Collare tattico - StreDog\" \/>\n<meta property=\"og:description\" content=\"Il Collare Tattico \u00e8 progettato per offrire massima resistenza e controllo anche nelle situazioni pi\u00f9 impegnative. Realizzato con materiali robusti e cuciture rinforzate, \u00e8 pensato per cani di taglia media e grande che necessitano di un accessorio solido e affidabile. La struttura ampia e rinforzata garantisce stabilit\u00e0 e distribuzione uniforme della pressione sul collo, assicurando comfort anche durante le attivit\u00e0 pi\u00f9 dinamiche. L\u2019interno \u00e8 studiato per ridurre sfregamenti e mantenere una vestibilit\u00e0 sicura e stabile. Dotato di anello in metallo ad alta resistenza per l\u2019aggancio del guinzaglio, consente un controllo preciso e immediato. Il sistema di chiusura \u00e8 progettato per offrire sicurezza e praticit\u00e0, permettendo una regolazione semplice e una calzata personalizzata. Ideale per attivit\u00e0 sportive, addestramento o passeggiate quotidiane con cani energici, il Collare Tattico unisce funzionalit\u00e0, robustezza ed estetica in un accessorio pensato per durare nel tempo\" \/>\n<meta property=\"og:url\" content=\"https:\/\/stredog.com\/en\/prodotto\/collare-tattico\/\" \/>\n<meta property=\"og:site_name\" content=\"StreDog\" \/>\n<meta property=\"article:modified_time\" content=\"2026-02-23T14:54:28+00:00\" \/>\n<meta property=\"og:image\" content=\"https:\/\/stredog.com\/en\/wp-content\/uploads\/2026\/02\/DO1A2018_objava.png\" \/>\n\t<meta property=\"og:image:width\" content=\"2048\" \/>\n\t<meta property=\"og:image:height\" content=\"1365\" \/>\n\t<meta property=\"og:image:type\" content=\"image\/png\" \/>\n<meta name=\"twitter:card\" content=\"summary_large_image\" \/>\n<meta name=\"twitter:label1\" content=\"Tempo di lettura stimato\" \/>\n\t<meta name=\"twitter:data1\" content=\"1 minuto\" \/>\n<script type=\"application\/ld+json\" class=\"yoast-schema-graph\">{\"@context\":\"https:\/\/schema.org\",\"@graph\":[{\"@type\":\"WebPage\",\"@id\":\"https:\/\/stredog.com\/en\/prodotto\/collare-tattico\/\",\"url\":\"https:\/\/stredog.com\/en\/prodotto\/collare-tattico\/\",\"name\":\"Collare tattico - StreDog\",\"isPartOf\":{\"@id\":\"https:\/\/stredog.com\/en\/#website\"},\"primaryImageOfPage\":{\"@id\":\"https:\/\/stredog.com\/en\/prodotto\/collare-tattico\/#primaryimage\"},\"image\":{\"@id\":\"https:\/\/stredog.com\/en\/prodotto\/collare-tattico\/#primaryimage\"},\"thumbnailUrl\":\"https:\/\/stredog.com\/en\/wp-content\/uploads\/2026\/02\/DO1A2018_objava.png\",\"datePublished\":\"2026-02-23T14:53:38+00:00\",\"dateModified\":\"2026-02-23T14:54:28+00:00\",\"breadcrumb\":{\"@id\":\"https:\/\/stredog.com\/en\/prodotto\/collare-tattico\/#breadcrumb\"},\"inLanguage\":\"it-IT\",\"potentialAction\":[{\"@type\":\"ReadAction\",\"target\":[\"https:\/\/stredog.com\/en\/prodotto\/collare-tattico\/\"]}]},{\"@type\":\"ImageObject\",\"inLanguage\":\"it-IT\",\"@id\":\"https:\/\/stredog.com\/en\/prodotto\/collare-tattico\/#primaryimage\",\"url\":\"https:\/\/stredog.com\/en\/wp-content\/uploads\/2026\/02\/DO1A2018_objava.png\",\"contentUrl\":\"https:\/\/stredog.com\/en\/wp-content\/uploads\/2026\/02\/DO1A2018_objava.png\",\"width\":2048,\"height\":1365},{\"@type\":\"BreadcrumbList\",\"@id\":\"https:\/\/stredog.com\/en\/prodotto\/collare-tattico\/#breadcrumb\",\"itemListElement\":[{\"@type\":\"ListItem\",\"position\":1,\"name\":\"Home\",\"item\":\"https:\/\/stredog.com\/en\/\"},{\"@type\":\"ListItem\",\"position\":2,\"name\":\"Shop\",\"item\":\"https:\/\/stredog.com\/en\/negozio\/\"},{\"@type\":\"ListItem\",\"position\":3,\"name\":\"Collare tattico\"}]},{\"@type\":\"WebSite\",\"@id\":\"https:\/\/stredog.com\/en\/#website\",\"url\":\"https:\/\/stredog.com\/en\/\",\"name\":\"StreDog\",\"description\":\"\",\"potentialAction\":[{\"@type\":\"SearchAction\",\"target\":{\"@type\":\"EntryPoint\",\"urlTemplate\":\"https:\/\/stredog.com\/en\/?s={search_term_string}\"},\"query-input\":{\"@type\":\"PropertyValueSpecification\",\"valueRequired\":true,\"valueName\":\"search_term_string\"}}],\"inLanguage\":\"it-IT\"}]}<\/script>\n<!-- \/ Yoast SEO plugin. -->","yoast_head_json":{"title":"Collare tattico - StreDog","robots":{"index":"noindex","follow":"follow","max-snippet":"max-snippet:-1","max-image-preview":"max-image-preview:large","max-video-preview":"max-video-preview:-1"},"og_locale":"it_IT","og_type":"article","og_title":"Collare tattico - StreDog","og_description":"Il Collare Tattico \u00e8 progettato per offrire massima resistenza e controllo anche nelle situazioni pi\u00f9 impegnative. Realizzato con materiali robusti e cuciture rinforzate, \u00e8 pensato per cani di taglia media e grande che necessitano di un accessorio solido e affidabile. La struttura ampia e rinforzata garantisce stabilit\u00e0 e distribuzione uniforme della pressione sul collo, assicurando comfort anche durante le attivit\u00e0 pi\u00f9 dinamiche. L\u2019interno \u00e8 studiato per ridurre sfregamenti e mantenere una vestibilit\u00e0 sicura e stabile. Dotato di anello in metallo ad alta resistenza per l\u2019aggancio del guinzaglio, consente un controllo preciso e immediato. Il sistema di chiusura \u00e8 progettato per offrire sicurezza e praticit\u00e0, permettendo una regolazione semplice e una calzata personalizzata. Ideale per attivit\u00e0 sportive, addestramento o passeggiate quotidiane con cani energici, il Collare Tattico unisce funzionalit\u00e0, robustezza ed estetica in un accessorio pensato per durare nel tempo","og_url":"https:\/\/stredog.com\/en\/prodotto\/collare-tattico\/","og_site_name":"StreDog","article_modified_time":"2026-02-23T14:54:28+00:00","og_image":[{"width":2048,"height":1365,"url":"https:\/\/stredog.com\/en\/wp-content\/uploads\/2026\/02\/DO1A2018_objava.png","type":"image\/png"}],"twitter_card":"summary_large_image","twitter_misc":{"Tempo di lettura stimato":"1 minuto"},"schema":{"@context":"https:\/\/schema.org","@graph":[{"@type":"WebPage","@id":"https:\/\/stredog.com\/en\/prodotto\/collare-tattico\/","url":"https:\/\/stredog.com\/en\/prodotto\/collare-tattico\/","name":"Collare tattico - StreDog","isPartOf":{"@id":"https:\/\/stredog.com\/en\/#website"},"primaryImageOfPage":{"@id":"https:\/\/stredog.com\/en\/prodotto\/collare-tattico\/#primaryimage"},"image":{"@id":"https:\/\/stredog.com\/en\/prodotto\/collare-tattico\/#primaryimage"},"thumbnailUrl":"https:\/\/stredog.com\/en\/wp-content\/uploads\/2026\/02\/DO1A2018_objava.png","datePublished":"2026-02-23T14:53:38+00:00","dateModified":"2026-02-23T14:54:28+00:00","breadcrumb":{"@id":"https:\/\/stredog.com\/en\/prodotto\/collare-tattico\/#breadcrumb"},"inLanguage":"it-IT","potentialAction":[{"@type":"ReadAction","target":["https:\/\/stredog.com\/en\/prodotto\/collare-tattico\/"]}]},{"@type":"ImageObject","inLanguage":"it-IT","@id":"https:\/\/stredog.com\/en\/prodotto\/collare-tattico\/#primaryimage","url":"https:\/\/stredog.com\/en\/wp-content\/uploads\/2026\/02\/DO1A2018_objava.png","contentUrl":"https:\/\/stredog.com\/en\/wp-content\/uploads\/2026\/02\/DO1A2018_objava.png","width":2048,"height":1365},{"@type":"BreadcrumbList","@id":"https:\/\/stredog.com\/en\/prodotto\/collare-tattico\/#breadcrumb","itemListElement":[{"@type":"ListItem","position":1,"name":"Home","item":"https:\/\/stredog.com\/en\/"},{"@type":"ListItem","position":2,"name":"Shop","item":"https:\/\/stredog.com\/en\/negozio\/"},{"@type":"ListItem","position":3,"name":"Collare tattico"}]},{"@type":"WebSite","@id":"https:\/\/stredog.com\/en\/#website","url":"https:\/\/stredog.com\/en\/","name":"StreDog","description":"","potentialAction":[{"@type":"SearchAction","target":{"@type":"EntryPoint","urlTemplate":"https:\/\/stredog.com\/en\/?s={search_term_string}"},"query-input":{"@type":"PropertyValueSpecification","valueRequired":true,"valueName":"search_term_string"}}],"inLanguage":"it-IT"}]}},"_links":{"self":[{"href":"https:\/\/stredog.com\/en\/wp-json\/wp\/v2\/product\/531","targetHints":{"allow":["GET"]}}],"collection":[{"href":"https:\/\/stredog.com\/en\/wp-json\/wp\/v2\/product"}],"about":[{"href":"https:\/\/stredog.com\/en\/wp-json\/wp\/v2\/types\/product"}],"wp:featuredmedia":[{"embeddable":true,"href":"https:\/\/stredog.com\/en\/wp-json\/wp\/v2\/media\/532"}],"wp:attachment":[{"href":"https:\/\/stredog.com\/en\/wp-json\/wp\/v2\/media?parent=531"}],"wp:term":[{"taxonomy":"product_brand","embeddable":true,"href":"https:\/\/stredog.com\/en\/wp-json\/wp\/v2\/product_brand?post=531"},{"taxonomy":"product_cat","embeddable":true,"href":"https:\/\/stredog.com\/en\/wp-json\/wp\/v2\/product_cat?post=531"},{"taxonomy":"product_tag","embeddable":true,"href":"https:\/\/stredog.com\/en\/wp-json\/wp\/v2\/product_tag?post=531"}],"curies":[{"name":"wp","href":"https:\/\/api.w.org\/{rel}","templated":true}]}}