{"id":431,"date":"2026-02-23T14:16:50","date_gmt":"2026-02-23T14:16:50","guid":{"rendered":"https:\/\/stredog.com\/?post_type=product&#038;p=431"},"modified":"2026-02-23T14:23:46","modified_gmt":"2026-02-23T14:23:46","slug":"guinzaglio-elastico-regolabile","status":"publish","type":"product","link":"https:\/\/stredog.com\/en\/prodotto\/guinzaglio-elastico-regolabile\/","title":{"rendered":"Guinzaglio elastico regolabile 25mm"},"content":{"rendered":"","protected":false},"excerpt":{"rendered":"<p class=\"p1\">Il Guinzaglio Elastico Regolabile \u00e8 pensato per garantire comfort e controllo anche nelle situazioni pi\u00f9 dinamiche. La sezione elastica integrata aiuta ad assorbire strattoni improvvisi, riducendo l\u2019impatto su braccio e spalle del conduttore e rendendo la passeggiata pi\u00f9 fluida e sicura.<\/p>\n<p class=\"p1\">Il sistema di regolazione consente di adattare rapidamente la lunghezza in base al contesto: pi\u00f9 corto per i tratti urbani o affollati, pi\u00f9 lungo per offrire maggiore libert\u00e0 nei percorsi all\u2019aperto. Questa versatilit\u00e0 lo rende adatto sia all\u2019uso quotidiano sia alle attivit\u00e0 pi\u00f9 attive con il tuo cane.<\/p>\n<p class=\"p1\">Realizzato con materiali resistenti e cuciture rinforzate, mantiene stabilit\u00e0 e affidabilit\u00e0 anche in caso di trazioni frequenti. Il moschettone in metallo robusto assicura un aggancio rapido e sicuro a collare o pettorina, garantendo solidit\u00e0 nel tempo.<\/p>\n<p class=\"p1\">Disponibile in pi\u00f9 colorazioni, unisce funzionalit\u00e0 ed estetica in un accessorio pratico, durevole e progettato per accompagnare il tuo cane in ogni uscita.<\/p>\n","protected":false},"featured_media":432,"template":"","meta":[],"product_brand":[],"product_cat":[17],"product_tag":[],"class_list":{"0":"post-431","1":"product","2":"type-product","3":"status-publish","4":"has-post-thumbnail","6":"product_cat-senza-categoria","8":"first","9":"instock","10":"shipping-taxable","11":"product-type-simple"},"yoast_head":"<!-- This site is optimized with the Yoast SEO plugin v27.0 - https:\/\/yoast.com\/product\/yoast-seo-wordpress\/ -->\n<title>Guinzaglio elastico regolabile 25mm - StreDog<\/title>\n<meta name=\"robots\" content=\"noindex, follow, max-snippet:-1, max-image-preview:large, max-video-preview:-1\" \/>\n<meta property=\"og:locale\" content=\"it_IT\" \/>\n<meta property=\"og:type\" content=\"article\" \/>\n<meta property=\"og:title\" content=\"Guinzaglio elastico regolabile 25mm - StreDog\" \/>\n<meta property=\"og:description\" content=\"Il Guinzaglio Elastico Regolabile \u00e8 pensato per garantire comfort e controllo anche nelle situazioni pi\u00f9 dinamiche. La sezione elastica integrata aiuta ad assorbire strattoni improvvisi, riducendo l\u2019impatto su braccio e spalle del conduttore e rendendo la passeggiata pi\u00f9 fluida e sicura. Il sistema di regolazione consente di adattare rapidamente la lunghezza in base al contesto: pi\u00f9 corto per i tratti urbani o affollati, pi\u00f9 lungo per offrire maggiore libert\u00e0 nei percorsi all\u2019aperto. Questa versatilit\u00e0 lo rende adatto sia all\u2019uso quotidiano sia alle attivit\u00e0 pi\u00f9 attive con il tuo cane. Realizzato con materiali resistenti e cuciture rinforzate, mantiene stabilit\u00e0 e affidabilit\u00e0 anche in caso di trazioni frequenti. Il moschettone in metallo robusto assicura un aggancio rapido e sicuro a collare o pettorina, garantendo solidit\u00e0 nel tempo. Disponibile in pi\u00f9 colorazioni, unisce funzionalit\u00e0 ed estetica in un accessorio pratico, durevole e progettato per accompagnare il tuo cane in ogni uscita.\" \/>\n<meta property=\"og:url\" content=\"https:\/\/stredog.com\/en\/prodotto\/guinzaglio-elastico-regolabile\/\" \/>\n<meta property=\"og:site_name\" content=\"StreDog\" \/>\n<meta property=\"article:modified_time\" content=\"2026-02-23T14:23:46+00:00\" \/>\n<meta property=\"og:image\" content=\"https:\/\/stredog.com\/en\/wp-content\/uploads\/2026\/02\/DO1A7858_objava.jpg\" \/>\n\t<meta property=\"og:image:width\" content=\"2048\" \/>\n\t<meta property=\"og:image:height\" content=\"1365\" \/>\n\t<meta property=\"og:image:type\" content=\"image\/jpeg\" \/>\n<meta name=\"twitter:card\" content=\"summary_large_image\" \/>\n<meta name=\"twitter:label1\" content=\"Tempo di lettura stimato\" \/>\n\t<meta name=\"twitter:data1\" content=\"1 minuto\" \/>\n<script type=\"application\/ld+json\" class=\"yoast-schema-graph\">{\"@context\":\"https:\/\/schema.org\",\"@graph\":[{\"@type\":\"WebPage\",\"@id\":\"https:\/\/stredog.com\/en\/prodotto\/guinzaglio-elastico-regolabile\/\",\"url\":\"https:\/\/stredog.com\/en\/prodotto\/guinzaglio-elastico-regolabile\/\",\"name\":\"Guinzaglio elastico regolabile 25mm - StreDog\",\"isPartOf\":{\"@id\":\"https:\/\/stredog.com\/en\/#website\"},\"primaryImageOfPage\":{\"@id\":\"https:\/\/stredog.com\/en\/prodotto\/guinzaglio-elastico-regolabile\/#primaryimage\"},\"image\":{\"@id\":\"https:\/\/stredog.com\/en\/prodotto\/guinzaglio-elastico-regolabile\/#primaryimage\"},\"thumbnailUrl\":\"https:\/\/stredog.com\/en\/wp-content\/uploads\/2026\/02\/DO1A7858_objava.jpg\",\"datePublished\":\"2026-02-23T14:16:50+00:00\",\"dateModified\":\"2026-02-23T14:23:46+00:00\",\"breadcrumb\":{\"@id\":\"https:\/\/stredog.com\/en\/prodotto\/guinzaglio-elastico-regolabile\/#breadcrumb\"},\"inLanguage\":\"it-IT\",\"potentialAction\":[{\"@type\":\"ReadAction\",\"target\":[\"https:\/\/stredog.com\/en\/prodotto\/guinzaglio-elastico-regolabile\/\"]}]},{\"@type\":\"ImageObject\",\"inLanguage\":\"it-IT\",\"@id\":\"https:\/\/stredog.com\/en\/prodotto\/guinzaglio-elastico-regolabile\/#primaryimage\",\"url\":\"https:\/\/stredog.com\/en\/wp-content\/uploads\/2026\/02\/DO1A7858_objava.jpg\",\"contentUrl\":\"https:\/\/stredog.com\/en\/wp-content\/uploads\/2026\/02\/DO1A7858_objava.jpg\",\"width\":2048,\"height\":1365},{\"@type\":\"BreadcrumbList\",\"@id\":\"https:\/\/stredog.com\/en\/prodotto\/guinzaglio-elastico-regolabile\/#breadcrumb\",\"itemListElement\":[{\"@type\":\"ListItem\",\"position\":1,\"name\":\"Home\",\"item\":\"https:\/\/stredog.com\/en\/\"},{\"@type\":\"ListItem\",\"position\":2,\"name\":\"Shop\",\"item\":\"https:\/\/stredog.com\/en\/negozio\/\"},{\"@type\":\"ListItem\",\"position\":3,\"name\":\"Guinzaglio elastico regolabile 25mm\"}]},{\"@type\":\"WebSite\",\"@id\":\"https:\/\/stredog.com\/en\/#website\",\"url\":\"https:\/\/stredog.com\/en\/\",\"name\":\"StreDog\",\"description\":\"\",\"potentialAction\":[{\"@type\":\"SearchAction\",\"target\":{\"@type\":\"EntryPoint\",\"urlTemplate\":\"https:\/\/stredog.com\/en\/?s={search_term_string}\"},\"query-input\":{\"@type\":\"PropertyValueSpecification\",\"valueRequired\":true,\"valueName\":\"search_term_string\"}}],\"inLanguage\":\"it-IT\"}]}<\/script>\n<!-- \/ Yoast SEO plugin. -->","yoast_head_json":{"title":"Guinzaglio elastico regolabile 25mm - StreDog","robots":{"index":"noindex","follow":"follow","max-snippet":"max-snippet:-1","max-image-preview":"max-image-preview:large","max-video-preview":"max-video-preview:-1"},"og_locale":"it_IT","og_type":"article","og_title":"Guinzaglio elastico regolabile 25mm - StreDog","og_description":"Il Guinzaglio Elastico Regolabile \u00e8 pensato per garantire comfort e controllo anche nelle situazioni pi\u00f9 dinamiche. La sezione elastica integrata aiuta ad assorbire strattoni improvvisi, riducendo l\u2019impatto su braccio e spalle del conduttore e rendendo la passeggiata pi\u00f9 fluida e sicura. Il sistema di regolazione consente di adattare rapidamente la lunghezza in base al contesto: pi\u00f9 corto per i tratti urbani o affollati, pi\u00f9 lungo per offrire maggiore libert\u00e0 nei percorsi all\u2019aperto. Questa versatilit\u00e0 lo rende adatto sia all\u2019uso quotidiano sia alle attivit\u00e0 pi\u00f9 attive con il tuo cane. Realizzato con materiali resistenti e cuciture rinforzate, mantiene stabilit\u00e0 e affidabilit\u00e0 anche in caso di trazioni frequenti. Il moschettone in metallo robusto assicura un aggancio rapido e sicuro a collare o pettorina, garantendo solidit\u00e0 nel tempo. Disponibile in pi\u00f9 colorazioni, unisce funzionalit\u00e0 ed estetica in un accessorio pratico, durevole e progettato per accompagnare il tuo cane in ogni uscita.","og_url":"https:\/\/stredog.com\/en\/prodotto\/guinzaglio-elastico-regolabile\/","og_site_name":"StreDog","article_modified_time":"2026-02-23T14:23:46+00:00","og_image":[{"width":2048,"height":1365,"url":"https:\/\/stredog.com\/en\/wp-content\/uploads\/2026\/02\/DO1A7858_objava.jpg","type":"image\/jpeg"}],"twitter_card":"summary_large_image","twitter_misc":{"Tempo di lettura stimato":"1 minuto"},"schema":{"@context":"https:\/\/schema.org","@graph":[{"@type":"WebPage","@id":"https:\/\/stredog.com\/en\/prodotto\/guinzaglio-elastico-regolabile\/","url":"https:\/\/stredog.com\/en\/prodotto\/guinzaglio-elastico-regolabile\/","name":"Guinzaglio elastico regolabile 25mm - StreDog","isPartOf":{"@id":"https:\/\/stredog.com\/en\/#website"},"primaryImageOfPage":{"@id":"https:\/\/stredog.com\/en\/prodotto\/guinzaglio-elastico-regolabile\/#primaryimage"},"image":{"@id":"https:\/\/stredog.com\/en\/prodotto\/guinzaglio-elastico-regolabile\/#primaryimage"},"thumbnailUrl":"https:\/\/stredog.com\/en\/wp-content\/uploads\/2026\/02\/DO1A7858_objava.jpg","datePublished":"2026-02-23T14:16:50+00:00","dateModified":"2026-02-23T14:23:46+00:00","breadcrumb":{"@id":"https:\/\/stredog.com\/en\/prodotto\/guinzaglio-elastico-regolabile\/#breadcrumb"},"inLanguage":"it-IT","potentialAction":[{"@type":"ReadAction","target":["https:\/\/stredog.com\/en\/prodotto\/guinzaglio-elastico-regolabile\/"]}]},{"@type":"ImageObject","inLanguage":"it-IT","@id":"https:\/\/stredog.com\/en\/prodotto\/guinzaglio-elastico-regolabile\/#primaryimage","url":"https:\/\/stredog.com\/en\/wp-content\/uploads\/2026\/02\/DO1A7858_objava.jpg","contentUrl":"https:\/\/stredog.com\/en\/wp-content\/uploads\/2026\/02\/DO1A7858_objava.jpg","width":2048,"height":1365},{"@type":"BreadcrumbList","@id":"https:\/\/stredog.com\/en\/prodotto\/guinzaglio-elastico-regolabile\/#breadcrumb","itemListElement":[{"@type":"ListItem","position":1,"name":"Home","item":"https:\/\/stredog.com\/en\/"},{"@type":"ListItem","position":2,"name":"Shop","item":"https:\/\/stredog.com\/en\/negozio\/"},{"@type":"ListItem","position":3,"name":"Guinzaglio elastico regolabile 25mm"}]},{"@type":"WebSite","@id":"https:\/\/stredog.com\/en\/#website","url":"https:\/\/stredog.com\/en\/","name":"StreDog","description":"","potentialAction":[{"@type":"SearchAction","target":{"@type":"EntryPoint","urlTemplate":"https:\/\/stredog.com\/en\/?s={search_term_string}"},"query-input":{"@type":"PropertyValueSpecification","valueRequired":true,"valueName":"search_term_string"}}],"inLanguage":"it-IT"}]}},"_links":{"self":[{"href":"https:\/\/stredog.com\/en\/wp-json\/wp\/v2\/product\/431","targetHints":{"allow":["GET"]}}],"collection":[{"href":"https:\/\/stredog.com\/en\/wp-json\/wp\/v2\/product"}],"about":[{"href":"https:\/\/stredog.com\/en\/wp-json\/wp\/v2\/types\/product"}],"wp:featuredmedia":[{"embeddable":true,"href":"https:\/\/stredog.com\/en\/wp-json\/wp\/v2\/media\/432"}],"wp:attachment":[{"href":"https:\/\/stredog.com\/en\/wp-json\/wp\/v2\/media?parent=431"}],"wp:term":[{"taxonomy":"product_brand","embeddable":true,"href":"https:\/\/stredog.com\/en\/wp-json\/wp\/v2\/product_brand?post=431"},{"taxonomy":"product_cat","embeddable":true,"href":"https:\/\/stredog.com\/en\/wp-json\/wp\/v2\/product_cat?post=431"},{"taxonomy":"product_tag","embeddable":true,"href":"https:\/\/stredog.com\/en\/wp-json\/wp\/v2\/product_tag?post=431"}],"curies":[{"name":"wp","href":"https:\/\/api.w.org\/{rel}","templated":true}]}}