{"id":89,"date":"2025-12-02T17:50:57","date_gmt":"2025-12-02T17:50:57","guid":{"rendered":"https:\/\/travelcontent.it\/stredog\/?page_id=89"},"modified":"2026-04-22T05:42:57","modified_gmt":"2026-04-22T05:42:57","slug":"uber-uns","status":"publish","type":"page","link":"https:\/\/stredog.com\/de\/uber-uns\/","title":{"rendered":"\u00dcber uns"},"content":{"rendered":"[vc_row type=&#8221;full_width_content&#8221; full_screen_row_position=&#8221;middle&#8221; column_margin=&#8221;default&#8221; equal_height=&#8221;yes&#8221; content_placement=&#8221;middle&#8221; column_direction=&#8221;default&#8221; column_direction_tablet=&#8221;default&#8221; column_direction_phone=&#8221;default&#8221; scene_position=&#8221;center&#8221; text_color=&#8221;dark&#8221; text_align=&#8221;left&#8221; row_border_radius=&#8221;none&#8221; row_border_radius_applies=&#8221;bg&#8221; row_position_desktop=&#8221;default&#8221; row_position_tablet=&#8221;inherit&#8221; row_position_phone=&#8221;inherit&#8221; overflow=&#8221;visible&#8221; overlay_strength=&#8221;0.3&#8243; gradient_direction=&#8221;left_to_right&#8221; shape_divider_position=&#8221;bottom&#8221; bg_image_animation=&#8221;none&#8221; shape_type=&#8221;&#8221;][vc_column column_padding=&#8221;padding-12-percent&#8221; column_padding_tablet=&#8221;inherit&#8221; column_padding_phone=&#8221;inherit&#8221; column_padding_position=&#8221;all&#8221; translate_y=&#8221;20px&#8221; translate_x=&#8221;10%&#8221; translate_y_tablet=&#8221;30px&#8221; translate_x_tablet=&#8221;0px&#8221; translate_x_phone=&#8221;nonw&#8221; flex_gap_desktop=&#8221;10px&#8221; column_element_direction_desktop=&#8221;default&#8221; column_element_spacing=&#8221;default&#8221; desktop_text_alignment=&#8221;default&#8221; tablet_text_alignment=&#8221;default&#8221; phone_text_alignment=&#8221;default&#8221; background_color=&#8221;#f0f5f9&#8243; background_color_opacity=&#8221;1&#8243; background_hover_color_opacity=&#8221;1&#8243; column_backdrop_filter=&#8221;none&#8221; column_shadow=&#8221;none&#8221; column_border_radius=&#8221;none&#8221; column_link_target=&#8221;_self&#8221; column_position=&#8221;default&#8221; gradient_direction=&#8221;left_t_to_right_b&#8221; overlay_strength=&#8221;1&#8243; width=&#8221;7\/12&#8243; tablet_width_inherit=&#8221;default&#8221; animation_type=&#8221;default&#8221; bg_image_animation=&#8221;none&#8221; border_type=&#8221;simple&#8221; column_border_width=&#8221;none&#8221; column_border_style=&#8221;solid&#8221;][vc_row_inner column_margin=&#8221;default&#8221; column_direction=&#8221;default&#8221; column_direction_tablet=&#8221;default&#8221; column_direction_phone=&#8221;default&#8221; translate_x=&#8221;-15%&#8221; translate_x_tablet=&#8221;0%&#8221; translate_x_phone=&#8221;0%&#8221; text_align=&#8221;left&#8221; row_position=&#8221;default&#8221; row_position_tablet=&#8221;inherit&#8221; row_position_phone=&#8221;inherit&#8221; overflow=&#8221;visible&#8221; pointer_events=&#8221;all&#8221;][vc_column_inner column_padding=&#8221;no-extra-padding&#8221; column_padding_tablet=&#8221;inherit&#8221; column_padding_phone=&#8221;inherit&#8221; column_padding_position=&#8221;all&#8221; flex_gap_desktop=&#8221;10px&#8221; column_element_direction_desktop=&#8221;default&#8221; column_element_spacing=&#8221;default&#8221; desktop_text_alignment=&#8221;default&#8221; tablet_text_alignment=&#8221;default&#8221; phone_text_alignment=&#8221;default&#8221; background_color_opacity=&#8221;1&#8243; background_hover_color_opacity=&#8221;1&#8243; column_backdrop_filter=&#8221;none&#8221; column_shadow=&#8221;none&#8221; column_border_radius=&#8221;none&#8221; column_link_target=&#8221;_self&#8221; overflow=&#8221;visible&#8221; gradient_direction=&#8221;left_to_right&#8221; overlay_strength=&#8221;0.3&#8243; width=&#8221;1\/1&#8243; tablet_width_inherit=&#8221;default&#8221; animation_type=&#8221;default&#8221; bg_image_animation=&#8221;none&#8221; border_type=&#8221;simple&#8221; column_border_width=&#8221;none&#8221; column_border_style=&#8221;solid&#8221;][vc_column_text css_animation=&#8221;none&#8221; css=&#8221;.vc_custom_1776836463589{margin-bottom: 40px !important;}&#8221; max_width=&#8221;550&#8243; text_direction=&#8221;default&#8221;]\n<h2>Ein Team, das jeden Tag auf dem Platz w\u00e4chst<\/h2>\n[\/vc_column_text][vc_column_text css_animation=&#8221;none&#8221; css=&#8221;.vc_custom_1776836492851{margin-bottom: 40px !important;}&#8221; max_width=&#8221;550&#8243; text_direction=&#8221;default&#8221;]\n<p class=\"p1\">Stredog entstand aus \u00fcber zehn Jahren direkter Erfahrung in der operativen und sportlichen Kynologie. Ein Weg, der sehr fr\u00fch begann: bereits mit 17 Jahren, mit dem ersten Hund im Einsatz als Einheit des Zivilschutzes in der Fl\u00e4chensuche, als die Arbeit mit dem Hund vor allem Verantwortung, Methode und gegenseitiges Vertrauen bedeutete \u2013 noch bevor der sportliche Aspekt in den Vordergrund trat.<\/p>\n<p class=\"p1\">Im Laufe der Zeit haben wir gemeinsam mit Matteo ein Team mit zertifizierten technischen Kompetenzen aufgebaut: Beide besitzen wir die Lizenz als Schutzdiensthelfer, eine grundlegende Voraussetzung in der Schweiz f\u00fcr Disziplinen wie Mondioring. Wir haben zahlreiche Hunde ausgebildet und mit all unseren Hunden mehrfach an Weltmeisterschaften teilgenommen, wobei wir den Wettkampf als nat\u00fcrliche Folge guter Arbeit verstehen und nicht als Selbstzweck.<\/p>\n<p class=\"p1\">Unser Ansatz basiert auf einem klaren Prinzip: Das Training muss sich an den Hund anpassen \u2013 an seinen Charakter und seine Anlagen. Die Grundlage jedes erfolgreichen Weges ist die Beziehung zwischen Hund und Hundef\u00fchrer, die sich mit der Zeit durch Konsequenz, Respekt und Spiel entwickelt. Bei Sporthunden bedeutet das auch, die athletische Vorbereitung zu ber\u00fccksichtigen und den Sport bereits im Welpenalter schrittweise, positiv und motivierend einzuf\u00fchren.<\/p>\n<p class=\"p1\">Wir engagieren uns aktiv f\u00fcr die F\u00f6rderung des Hundesports auf nationaler und internationaler Ebene und arbeiten kontinuierlich mit Vereinen und Organisationen im Ausland zusammen, unter anderem in Belgien, Italien, Frankreich und Deutschland. Dieser kontinuierliche Austausch ist f\u00fcr uns ein wesentlicher Bestandteil der technischen, mentalen und sportlichen Weiterentwicklung jedes Teams Hund\u2013Hundef\u00fchrer.<\/p>\n<p class=\"p1\">Stredog ist ein Ort f\u00fcr Training, Austausch und echte Weiterentwicklung auf dem Platz \u2013 f\u00fcr alle, die die Kynologie mit Kompetenz, Weitblick und echter Leidenschaft leben m\u00f6chten.<\/p>\n[\/vc_column_text][\/vc_column_inner][\/vc_row_inner][\/vc_column][vc_column column_padding=&#8221;no-extra-padding&#8221; column_padding_tablet=&#8221;inherit&#8221; column_padding_phone=&#8221;inherit&#8221; column_padding_position=&#8221;all&#8221; flex_gap_desktop=&#8221;10px&#8221; column_element_direction_desktop=&#8221;default&#8221; column_element_spacing=&#8221;default&#8221; desktop_text_alignment=&#8221;default&#8221; tablet_text_alignment=&#8221;default&#8221; phone_text_alignment=&#8221;default&#8221; background_color_opacity=&#8221;1&#8243; background_hover_color_opacity=&#8221;1&#8243; column_backdrop_filter=&#8221;none&#8221; column_shadow=&#8221;none&#8221; column_border_radius=&#8221;none&#8221; column_link_target=&#8221;_self&#8221; column_position=&#8221;default&#8221; zindex=&#8221;100&#8243; gradient_direction=&#8221;left_to_right&#8221; overlay_strength=&#8221;0.3&#8243; width=&#8221;5\/12&#8243; tablet_width_inherit=&#8221;default&#8221; animation_type=&#8221;default&#8221; bg_image_animation=&#8221;none&#8221; border_type=&#8221;simple&#8221; column_border_width=&#8221;none&#8221; column_border_style=&#8221;solid&#8221;][vc_row_inner column_margin=&#8221;default&#8221; column_direction=&#8221;default&#8221; column_direction_tablet=&#8221;default&#8221; column_direction_phone=&#8221;default&#8221; text_align=&#8221;left&#8221; row_position=&#8221;default&#8221; row_position_tablet=&#8221;inherit&#8221; row_position_phone=&#8221;inherit&#8221; overflow=&#8221;visible&#8221; pointer_events=&#8221;all&#8221;][vc_column_inner column_padding=&#8221;no-extra-padding&#8221; column_padding_tablet=&#8221;inherit&#8221; column_padding_phone=&#8221;inherit&#8221; column_padding_position=&#8221;all&#8221; flex_gap_desktop=&#8221;10px&#8221; column_element_direction_desktop=&#8221;default&#8221; column_element_spacing=&#8221;default&#8221; desktop_text_alignment=&#8221;default&#8221; tablet_text_alignment=&#8221;default&#8221; phone_text_alignment=&#8221;default&#8221; background_color_opacity=&#8221;1&#8243; background_hover_color_opacity=&#8221;1&#8243; column_backdrop_filter=&#8221;none&#8221; column_shadow=&#8221;none&#8221; column_border_radius=&#8221;none&#8221; column_link_target=&#8221;_self&#8221; overflow=&#8221;visible&#8221; gradient_direction=&#8221;left_to_right&#8221; overlay_strength=&#8221;0.3&#8243; width=&#8221;1\/1&#8243; tablet_width_inherit=&#8221;default&#8221; animation_type=&#8221;default&#8221; bg_image_animation=&#8221;none&#8221; border_type=&#8221;simple&#8221; column_border_width=&#8221;none&#8221; column_border_style=&#8221;solid&#8221;][image_with_animation image_url=&#8221;31&#8243; image_size=&#8221;full&#8221; max_width=&#8221;125%&#8221; max_width_mobile=&#8221;default&#8221; animation_type=&#8221;entrance&#8221; animation=&#8221;ro-reveal-from-right&#8221; animation_easing=&#8221;default&#8221; animation_movement_type=&#8221;transform_y&#8221; hover_animation=&#8221;none&#8221; alignment=&#8221;right&#8221; border_radius=&#8221;none&#8221; image_loading=&#8221;default&#8221; margin_top=&#8221;25%&#8221; margin_bottom=&#8221;25%&#8221; margin_top_tablet=&#8221;0px&#8221; margin_bottom_tablet=&#8221;0px&#8221; margin_top_phone=&#8221;0px&#8221; margin_bottom_phone=&#8221;0px&#8221;][\/vc_column_inner][\/vc_row_inner][\/vc_column][\/vc_row]\n","protected":false},"excerpt":{"rendered":"<p>[vc_row type=&#8221;full_width_content&#8221; full_screen_row_position=&#8221;middle&#8221; column_margin=&#8221;default&#8221; equal_height=&#8221;yes&#8221; content_placement=&#8221;middle&#8221; column_direction=&#8221;default&#8221; column_direction_tablet=&#8221;default&#8221; column_direction_phone=&#8221;default&#8221; scene_position=&#8221;center&#8221; text_color=&#8221;dark&#8221; text_align=&#8221;left&#8221; row_border_radius=&#8221;none&#8221; row_border_radius_applies=&#8221;bg&#8221; row_position_desktop=&#8221;default&#8221; row_position_tablet=&#8221;inherit&#8221; row_position_phone=&#8221;inherit&#8221; overflow=&#8221;visible&#8221; overlay_strength=&#8221;0.3&#8243; gradient_direction=&#8221;left_to_right&#8221; shape_divider_position=&#8221;bottom&#8221; bg_image_animation=&#8221;none&#8221; shape_type=&#8221;&#8221;][vc_column column_padding=&#8221;padding-12-percent&#8221; column_padding_tablet=&#8221;inherit&#8221; column_padding_phone=&#8221;inherit&#8221; column_padding_position=&#8221;all&#8221; translate_y=&#8221;20px&#8221; translate_x=&#8221;10%&#8221; translate_y_tablet=&#8221;30px&#8221;&#8230;<\/p>\n","protected":false},"author":1,"featured_media":0,"parent":0,"menu_order":0,"comment_status":"closed","ping_status":"closed","template":"","meta":{"footnotes":""},"class_list":["post-89","page","type-page","status-publish"],"yoast_head":"<!-- This site is optimized with the Yoast SEO plugin v27.0 - https:\/\/yoast.com\/product\/yoast-seo-wordpress\/ -->\n<title>\u00dcber uns<\/title>\n<meta name=\"robots\" content=\"noindex, follow, max-snippet:-1, max-image-preview:large, max-video-preview:-1\" \/>\n<meta property=\"og:locale\" content=\"it_IT\" \/>\n<meta property=\"og:type\" content=\"article\" \/>\n<meta property=\"og:title\" content=\"\u00dcber uns\" \/>\n<meta property=\"og:description\" content=\"[vc_row type=&#8221;full_width_content&#8221; full_screen_row_position=&#8221;middle&#8221; column_margin=&#8221;default&#8221; equal_height=&#8221;yes&#8221; content_placement=&#8221;middle&#8221; column_direction=&#8221;default&#8221; column_direction_tablet=&#8221;default&#8221; column_direction_phone=&#8221;default&#8221; scene_position=&#8221;center&#8221; text_color=&#8221;dark&#8221; text_align=&#8221;left&#8221; row_border_radius=&#8221;none&#8221; row_border_radius_applies=&#8221;bg&#8221; row_position_desktop=&#8221;default&#8221; row_position_tablet=&#8221;inherit&#8221; row_position_phone=&#8221;inherit&#8221; overflow=&#8221;visible&#8221; overlay_strength=&#8221;0.3&#8243; gradient_direction=&#8221;left_to_right&#8221; shape_divider_position=&#8221;bottom&#8221; bg_image_animation=&#8221;none&#8221; shape_type=&#8221;&#8221;][vc_column column_padding=&#8221;padding-12-percent&#8221; column_padding_tablet=&#8221;inherit&#8221; column_padding_phone=&#8221;inherit&#8221; column_padding_position=&#8221;all&#8221; translate_y=&#8221;20px&#8221; translate_x=&#8221;10%&#8221; translate_y_tablet=&#8221;30px&#8221;...\" \/>\n<meta property=\"og:url\" content=\"https:\/\/stredog.com\/de\/uber-uns\/\" \/>\n<meta property=\"og:site_name\" content=\"StreDog\" \/>\n<meta property=\"article:modified_time\" content=\"2026-04-22T05:42:57+00:00\" \/>\n<meta name=\"twitter:card\" content=\"summary_large_image\" \/>\n<meta name=\"twitter:label1\" content=\"Tempo di lettura stimato\" \/>\n\t<meta name=\"twitter:data1\" content=\"2 minuti\" \/>\n<script type=\"application\/ld+json\" class=\"yoast-schema-graph\">{\"@context\":\"https:\/\/schema.org\",\"@graph\":[{\"@type\":\"WebPage\",\"@id\":\"https:\/\/stredog.com\/de\/uber-uns\/\",\"url\":\"https:\/\/stredog.com\/de\/uber-uns\/\",\"name\":\"\u00dcber uns\",\"isPartOf\":{\"@id\":\"https:\/\/stredog.com\/de\/#website\"},\"datePublished\":\"2025-12-02T17:50:57+00:00\",\"dateModified\":\"2026-04-22T05:42:57+00:00\",\"breadcrumb\":{\"@id\":\"https:\/\/stredog.com\/de\/uber-uns\/#breadcrumb\"},\"inLanguage\":\"it-IT\",\"potentialAction\":[{\"@type\":\"ReadAction\",\"target\":[\"https:\/\/stredog.com\/de\/uber-uns\/\"]}]},{\"@type\":\"BreadcrumbList\",\"@id\":\"https:\/\/stredog.com\/de\/uber-uns\/#breadcrumb\",\"itemListElement\":[{\"@type\":\"ListItem\",\"position\":1,\"name\":\"Home\",\"item\":\"https:\/\/stredog.com\/de\/\"},{\"@type\":\"ListItem\",\"position\":2,\"name\":\"\u00dcber uns\"}]},{\"@type\":\"WebSite\",\"@id\":\"https:\/\/stredog.com\/de\/#website\",\"url\":\"https:\/\/stredog.com\/de\/\",\"name\":\"StreDog\",\"description\":\"\",\"potentialAction\":[{\"@type\":\"SearchAction\",\"target\":{\"@type\":\"EntryPoint\",\"urlTemplate\":\"https:\/\/stredog.com\/de\/?s={search_term_string}\"},\"query-input\":{\"@type\":\"PropertyValueSpecification\",\"valueRequired\":true,\"valueName\":\"search_term_string\"}}],\"inLanguage\":\"it-IT\"}]}<\/script>\n<!-- \/ Yoast SEO plugin. -->","yoast_head_json":{"title":"\u00dcber uns","robots":{"index":"noindex","follow":"follow","max-snippet":"max-snippet:-1","max-image-preview":"max-image-preview:large","max-video-preview":"max-video-preview:-1"},"og_locale":"it_IT","og_type":"article","og_title":"\u00dcber uns","og_description":"[vc_row type=&#8221;full_width_content&#8221; full_screen_row_position=&#8221;middle&#8221; column_margin=&#8221;default&#8221; equal_height=&#8221;yes&#8221; content_placement=&#8221;middle&#8221; column_direction=&#8221;default&#8221; column_direction_tablet=&#8221;default&#8221; column_direction_phone=&#8221;default&#8221; scene_position=&#8221;center&#8221; text_color=&#8221;dark&#8221; text_align=&#8221;left&#8221; row_border_radius=&#8221;none&#8221; row_border_radius_applies=&#8221;bg&#8221; row_position_desktop=&#8221;default&#8221; row_position_tablet=&#8221;inherit&#8221; row_position_phone=&#8221;inherit&#8221; overflow=&#8221;visible&#8221; overlay_strength=&#8221;0.3&#8243; gradient_direction=&#8221;left_to_right&#8221; shape_divider_position=&#8221;bottom&#8221; bg_image_animation=&#8221;none&#8221; shape_type=&#8221;&#8221;][vc_column column_padding=&#8221;padding-12-percent&#8221; column_padding_tablet=&#8221;inherit&#8221; column_padding_phone=&#8221;inherit&#8221; column_padding_position=&#8221;all&#8221; translate_y=&#8221;20px&#8221; translate_x=&#8221;10%&#8221; translate_y_tablet=&#8221;30px&#8221;...","og_url":"https:\/\/stredog.com\/de\/uber-uns\/","og_site_name":"StreDog","article_modified_time":"2026-04-22T05:42:57+00:00","twitter_card":"summary_large_image","twitter_misc":{"Tempo di lettura stimato":"2 minuti"},"schema":{"@context":"https:\/\/schema.org","@graph":[{"@type":"WebPage","@id":"https:\/\/stredog.com\/de\/uber-uns\/","url":"https:\/\/stredog.com\/de\/uber-uns\/","name":"\u00dcber uns","isPartOf":{"@id":"https:\/\/stredog.com\/de\/#website"},"datePublished":"2025-12-02T17:50:57+00:00","dateModified":"2026-04-22T05:42:57+00:00","breadcrumb":{"@id":"https:\/\/stredog.com\/de\/uber-uns\/#breadcrumb"},"inLanguage":"it-IT","potentialAction":[{"@type":"ReadAction","target":["https:\/\/stredog.com\/de\/uber-uns\/"]}]},{"@type":"BreadcrumbList","@id":"https:\/\/stredog.com\/de\/uber-uns\/#breadcrumb","itemListElement":[{"@type":"ListItem","position":1,"name":"Home","item":"https:\/\/stredog.com\/de\/"},{"@type":"ListItem","position":2,"name":"\u00dcber uns"}]},{"@type":"WebSite","@id":"https:\/\/stredog.com\/de\/#website","url":"https:\/\/stredog.com\/de\/","name":"StreDog","description":"","potentialAction":[{"@type":"SearchAction","target":{"@type":"EntryPoint","urlTemplate":"https:\/\/stredog.com\/de\/?s={search_term_string}"},"query-input":{"@type":"PropertyValueSpecification","valueRequired":true,"valueName":"search_term_string"}}],"inLanguage":"it-IT"}]}},"_links":{"self":[{"href":"https:\/\/stredog.com\/de\/wp-json\/wp\/v2\/pages\/89","targetHints":{"allow":["GET"]}}],"collection":[{"href":"https:\/\/stredog.com\/de\/wp-json\/wp\/v2\/pages"}],"about":[{"href":"https:\/\/stredog.com\/de\/wp-json\/wp\/v2\/types\/page"}],"author":[{"embeddable":true,"href":"https:\/\/stredog.com\/de\/wp-json\/wp\/v2\/users\/1"}],"replies":[{"embeddable":true,"href":"https:\/\/stredog.com\/de\/wp-json\/wp\/v2\/comments?post=89"}],"version-history":[{"count":9,"href":"https:\/\/stredog.com\/de\/wp-json\/wp\/v2\/pages\/89\/revisions"}],"predecessor-version":[{"id":657,"href":"https:\/\/stredog.com\/de\/wp-json\/wp\/v2\/pages\/89\/revisions\/657"}],"wp:attachment":[{"href":"https:\/\/stredog.com\/de\/wp-json\/wp\/v2\/media?parent=89"}],"curies":[{"name":"wp","href":"https:\/\/api.w.org\/{rel}","templated":true}]}}