{"id":252,"date":"2025-12-26T17:15:03","date_gmt":"2025-12-26T17:15:03","guid":{"rendered":"https:\/\/stredog.com\/?page_id=252"},"modified":"2026-04-22T05:38:18","modified_gmt":"2026-04-22T05:38:18","slug":"umweltmanagement-und-reizgewohnung","status":"publish","type":"page","link":"https:\/\/stredog.com\/de\/umweltmanagement-und-reizgewohnung\/","title":{"rendered":"Umweltmanagement und Reizgew\u00f6hnung"},"content":{"rendered":"[vc_row type=&#8221;in_container&#8221; full_screen_row_position=&#8221;middle&#8221; column_margin=&#8221;default&#8221; column_direction=&#8221;default&#8221; column_direction_tablet=&#8221;default&#8221; column_direction_phone=&#8221;default&#8221; scene_position=&#8221;center&#8221; top_padding=&#8221;3%&#8221; text_color=&#8221;dark&#8221; text_align=&#8221;left&#8221; row_border_radius=&#8221;none&#8221; row_border_radius_applies=&#8221;bg&#8221; row_position_desktop=&#8221;default&#8221; row_position_tablet=&#8221;inherit&#8221; row_position_phone=&#8221;inherit&#8221; overflow=&#8221;visible&#8221; overlay_strength=&#8221;0.3&#8243; gradient_direction=&#8221;left_to_right&#8221; shape_divider_position=&#8221;bottom&#8221; bg_image_animation=&#8221;none&#8221; gradient_type=&#8221;default&#8221; shape_type=&#8221;&#8221;][vc_column column_padding=&#8221;no-extra-padding&#8221; column_padding_tablet=&#8221;inherit&#8221; column_padding_phone=&#8221;inherit&#8221; column_padding_position=&#8221;all&#8221; flex_gap_desktop=&#8221;10px&#8221; column_element_direction_desktop=&#8221;default&#8221; column_element_spacing=&#8221;default&#8221; desktop_text_alignment=&#8221;default&#8221; tablet_text_alignment=&#8221;default&#8221; phone_text_alignment=&#8221;default&#8221; background_color_opacity=&#8221;1&#8243; background_hover_color_opacity=&#8221;1&#8243; column_backdrop_filter=&#8221;none&#8221; column_shadow=&#8221;none&#8221; column_border_radius=&#8221;none&#8221; column_link_target=&#8221;_self&#8221; column_position=&#8221;default&#8221; gradient_direction=&#8221;left_to_right&#8221; overlay_strength=&#8221;0.3&#8243; width=&#8221;1\/1&#8243; tablet_width_inherit=&#8221;default&#8221; animation_type=&#8221;default&#8221; bg_image_animation=&#8221;none&#8221; border_type=&#8221;simple&#8221; column_border_width=&#8221;none&#8221; column_border_style=&#8221;solid&#8221;][vc_column_text css=&#8221;&#8221; text_direction=&#8221;default&#8221;]\n<p class=\"p1\">Das Umweltmanagement ist ein grundlegender Aspekt f\u00fcr das Wohlbefinden des Hundes und f\u00fcr ein ausgewogenes Zusammenleben in der modernen Gesellschaft. Unabh\u00e4ngig davon, ob der Hund sportlich gef\u00fchrt wird oder ausschlie\u00dflich im Familienalltag lebt, ist es entscheidend, sich in unterschiedlichen Alltagssituationen sicher und angemessen bewegen zu k\u00f6nnen, um Stress, Konflikte und unerw\u00fcnschtes Verhalten zu reduzieren.<\/p>\n<p class=\"p1\">Die Arbeit am Umweltmanagement beginnt mit der Integration des Hundes in unsere Gesellschaft. Urbane R\u00e4ume, Ger\u00e4usche, Menschen, andere Tiere und neue Situationen geh\u00f6ren zum Alltag und m\u00fcssen schrittweise und bewusst erlebt werden. Jeder Hund hat dabei unterschiedliche Anpassungszeiten und -weisen, weshalb die Trainingswege immer individuell auf den einzelnen Hund und sein Lebensumfeld abgestimmt werden.<\/p>\n<p class=\"p1\">Die Gew\u00f6hnung an Umweltreize ist ein zentraler Bestandteil des Trainings. Durch einen kontrollierten und progressiven Ansatz wird der Hund dabei begleitet, verschiedene Reize wie Ger\u00e4usche, Bewegungen, Objekte, Menschen und potenziell stressausl\u00f6sende Situationen zu verstehen und zu verarbeiten. Ziel ist es nicht, Reaktionen zu unterdr\u00fccken, sondern dem Hund zu helfen, Stabilit\u00e4t, Aufmerksamkeit und eine gute emotionale Regenerationsf\u00e4higkeit zu entwickeln.<\/p>\n<p class=\"p1\">Ein sehr praktischer und allt\u00e4glicher Bereich ist die Gestaltung des Spaziergangs. Wir arbeiten daran, den Spaziergang zu einem ausgeglichenen und funktionalen Moment zu machen, unn\u00f6tige Spannungen zu vermeiden und die Kommunikation zwischen Hund und Hundef\u00fchrer zu verbessern. Der Spaziergang wird so zu einem wichtigen Trainingsinstrument, das sowohl das mentale Wohlbefinden des Hundes als auch die Qualit\u00e4t der Beziehung st\u00e4rkt.<\/p>\n<p class=\"p1\">Besondere Aufmerksamkeit gilt dem Umgang mit Begegnungen mit anderen Hunden. Durch gezielte Arbeit unterst\u00fctzen wir Hund und Hundef\u00fchrer dabei, Situationen richtig einzusch\u00e4tzen, angemessene Distanzen zu halten und Begegnungen ruhig und kontrolliert zu gestalten. Dies reduziert impulsive Reaktionen und tr\u00e4gt zu einem entspannteren Miteinander in gemeinsam genutzten R\u00e4umen bei.<\/p>\n<p class=\"p1\">F\u00fcr Stredog ist das Umweltmanagement ein praxisnaher Trainingsweg, der dem Hund hilft, den Alltag ausgeglichener zu erleben, und dem Hundef\u00fchrer erm\u00f6glicht, mehr Bewusstsein, Kompetenz und Sicherheit in der Beziehung zu seinem Hund zu entwickeln.<\/p>\n[\/vc_column_text][\/vc_column][\/vc_row]\n","protected":false},"excerpt":{"rendered":"<p>[vc_row type=&#8221;in_container&#8221; full_screen_row_position=&#8221;middle&#8221; column_margin=&#8221;default&#8221; column_direction=&#8221;default&#8221; column_direction_tablet=&#8221;default&#8221; column_direction_phone=&#8221;default&#8221; scene_position=&#8221;center&#8221; top_padding=&#8221;3%&#8221; text_color=&#8221;dark&#8221; text_align=&#8221;left&#8221; row_border_radius=&#8221;none&#8221; row_border_radius_applies=&#8221;bg&#8221; row_position_desktop=&#8221;default&#8221; row_position_tablet=&#8221;inherit&#8221; row_position_phone=&#8221;inherit&#8221; overflow=&#8221;visible&#8221; overlay_strength=&#8221;0.3&#8243; gradient_direction=&#8221;left_to_right&#8221; shape_divider_position=&#8221;bottom&#8221; bg_image_animation=&#8221;none&#8221; gradient_type=&#8221;default&#8221; shape_type=&#8221;&#8221;][vc_column column_padding=&#8221;no-extra-padding&#8221; column_padding_tablet=&#8221;inherit&#8221; column_padding_phone=&#8221;inherit&#8221; column_padding_position=&#8221;all&#8221; flex_gap_desktop=&#8221;10px&#8221; column_element_direction_desktop=&#8221;default&#8221; column_element_spacing=&#8221;default&#8221;&#8230;<\/p>\n","protected":false},"author":1,"featured_media":0,"parent":0,"menu_order":0,"comment_status":"closed","ping_status":"closed","template":"","meta":{"footnotes":""},"class_list":["post-252","page","type-page","status-publish"],"yoast_head":"<!-- This site is optimized with the Yoast SEO plugin v27.0 - https:\/\/yoast.com\/product\/yoast-seo-wordpress\/ -->\n<title>Gestione dell\u2019ambiente e desensibilizzazione del cane<\/title>\n<meta name=\"description\" content=\"Gestione dell\u2019ambiente del cane con percorsi di desensibilizzazione agli stimoli, passeggiata quotidiana e corretta gestione degli incontri con altri cani.\" \/>\n<meta name=\"robots\" content=\"noindex, follow, max-snippet:-1, max-image-preview:large, max-video-preview:-1\" \/>\n<meta property=\"og:locale\" content=\"it_IT\" \/>\n<meta property=\"og:type\" content=\"article\" \/>\n<meta property=\"og:title\" content=\"Gestione dell\u2019ambiente e desensibilizzazione del cane\" \/>\n<meta property=\"og:description\" content=\"Gestione dell\u2019ambiente del cane con percorsi di desensibilizzazione agli stimoli, passeggiata quotidiana e corretta gestione degli incontri con altri cani.\" \/>\n<meta property=\"og:url\" content=\"https:\/\/stredog.com\/de\/umweltmanagement-und-reizgewohnung\/\" \/>\n<meta property=\"og:site_name\" content=\"StreDog\" \/>\n<meta property=\"article:modified_time\" content=\"2026-04-22T05:38:18+00:00\" \/>\n<meta name=\"twitter:card\" content=\"summary_large_image\" \/>\n<meta name=\"twitter:label1\" content=\"Tempo di lettura stimato\" \/>\n\t<meta name=\"twitter:data1\" content=\"2 minuti\" \/>\n<script type=\"application\/ld+json\" class=\"yoast-schema-graph\">{\"@context\":\"https:\/\/schema.org\",\"@graph\":[{\"@type\":\"WebPage\",\"@id\":\"https:\/\/stredog.com\/de\/umweltmanagement-und-reizgewohnung\/\",\"url\":\"https:\/\/stredog.com\/de\/umweltmanagement-und-reizgewohnung\/\",\"name\":\"Gestione dell\u2019ambiente e desensibilizzazione del cane\",\"isPartOf\":{\"@id\":\"https:\/\/stredog.com\/de\/#website\"},\"datePublished\":\"2025-12-26T17:15:03+00:00\",\"dateModified\":\"2026-04-22T05:38:18+00:00\",\"description\":\"Gestione dell\u2019ambiente del cane con percorsi di desensibilizzazione agli stimoli, passeggiata quotidiana e corretta gestione degli incontri con altri cani.\",\"breadcrumb\":{\"@id\":\"https:\/\/stredog.com\/de\/umweltmanagement-und-reizgewohnung\/#breadcrumb\"},\"inLanguage\":\"it-IT\",\"potentialAction\":[{\"@type\":\"ReadAction\",\"target\":[\"https:\/\/stredog.com\/de\/umweltmanagement-und-reizgewohnung\/\"]}]},{\"@type\":\"BreadcrumbList\",\"@id\":\"https:\/\/stredog.com\/de\/umweltmanagement-und-reizgewohnung\/#breadcrumb\",\"itemListElement\":[{\"@type\":\"ListItem\",\"position\":1,\"name\":\"Home\",\"item\":\"https:\/\/stredog.com\/de\/\"},{\"@type\":\"ListItem\",\"position\":2,\"name\":\"Umweltmanagement und Reizgew\u00f6hnung\"}]},{\"@type\":\"WebSite\",\"@id\":\"https:\/\/stredog.com\/de\/#website\",\"url\":\"https:\/\/stredog.com\/de\/\",\"name\":\"StreDog\",\"description\":\"\",\"potentialAction\":[{\"@type\":\"SearchAction\",\"target\":{\"@type\":\"EntryPoint\",\"urlTemplate\":\"https:\/\/stredog.com\/de\/?s={search_term_string}\"},\"query-input\":{\"@type\":\"PropertyValueSpecification\",\"valueRequired\":true,\"valueName\":\"search_term_string\"}}],\"inLanguage\":\"it-IT\"}]}<\/script>\n<!-- \/ Yoast SEO plugin. -->","yoast_head_json":{"title":"Gestione dell\u2019ambiente e desensibilizzazione del cane","description":"Gestione dell\u2019ambiente del cane con percorsi di desensibilizzazione agli stimoli, passeggiata quotidiana e corretta gestione degli incontri con altri cani.","robots":{"index":"noindex","follow":"follow","max-snippet":"max-snippet:-1","max-image-preview":"max-image-preview:large","max-video-preview":"max-video-preview:-1"},"og_locale":"it_IT","og_type":"article","og_title":"Gestione dell\u2019ambiente e desensibilizzazione del cane","og_description":"Gestione dell\u2019ambiente del cane con percorsi di desensibilizzazione agli stimoli, passeggiata quotidiana e corretta gestione degli incontri con altri cani.","og_url":"https:\/\/stredog.com\/de\/umweltmanagement-und-reizgewohnung\/","og_site_name":"StreDog","article_modified_time":"2026-04-22T05:38:18+00:00","twitter_card":"summary_large_image","twitter_misc":{"Tempo di lettura stimato":"2 minuti"},"schema":{"@context":"https:\/\/schema.org","@graph":[{"@type":"WebPage","@id":"https:\/\/stredog.com\/de\/umweltmanagement-und-reizgewohnung\/","url":"https:\/\/stredog.com\/de\/umweltmanagement-und-reizgewohnung\/","name":"Gestione dell\u2019ambiente e desensibilizzazione del cane","isPartOf":{"@id":"https:\/\/stredog.com\/de\/#website"},"datePublished":"2025-12-26T17:15:03+00:00","dateModified":"2026-04-22T05:38:18+00:00","description":"Gestione dell\u2019ambiente del cane con percorsi di desensibilizzazione agli stimoli, passeggiata quotidiana e corretta gestione degli incontri con altri cani.","breadcrumb":{"@id":"https:\/\/stredog.com\/de\/umweltmanagement-und-reizgewohnung\/#breadcrumb"},"inLanguage":"it-IT","potentialAction":[{"@type":"ReadAction","target":["https:\/\/stredog.com\/de\/umweltmanagement-und-reizgewohnung\/"]}]},{"@type":"BreadcrumbList","@id":"https:\/\/stredog.com\/de\/umweltmanagement-und-reizgewohnung\/#breadcrumb","itemListElement":[{"@type":"ListItem","position":1,"name":"Home","item":"https:\/\/stredog.com\/de\/"},{"@type":"ListItem","position":2,"name":"Umweltmanagement und Reizgew\u00f6hnung"}]},{"@type":"WebSite","@id":"https:\/\/stredog.com\/de\/#website","url":"https:\/\/stredog.com\/de\/","name":"StreDog","description":"","potentialAction":[{"@type":"SearchAction","target":{"@type":"EntryPoint","urlTemplate":"https:\/\/stredog.com\/de\/?s={search_term_string}"},"query-input":{"@type":"PropertyValueSpecification","valueRequired":true,"valueName":"search_term_string"}}],"inLanguage":"it-IT"}]}},"_links":{"self":[{"href":"https:\/\/stredog.com\/de\/wp-json\/wp\/v2\/pages\/252","targetHints":{"allow":["GET"]}}],"collection":[{"href":"https:\/\/stredog.com\/de\/wp-json\/wp\/v2\/pages"}],"about":[{"href":"https:\/\/stredog.com\/de\/wp-json\/wp\/v2\/types\/page"}],"author":[{"embeddable":true,"href":"https:\/\/stredog.com\/de\/wp-json\/wp\/v2\/users\/1"}],"replies":[{"embeddable":true,"href":"https:\/\/stredog.com\/de\/wp-json\/wp\/v2\/comments?post=252"}],"version-history":[{"count":4,"href":"https:\/\/stredog.com\/de\/wp-json\/wp\/v2\/pages\/252\/revisions"}],"predecessor-version":[{"id":652,"href":"https:\/\/stredog.com\/de\/wp-json\/wp\/v2\/pages\/252\/revisions\/652"}],"wp:attachment":[{"href":"https:\/\/stredog.com\/de\/wp-json\/wp\/v2\/media?parent=252"}],"curies":[{"name":"wp","href":"https:\/\/api.w.org\/{rel}","templated":true}]}}