{"id":249,"date":"2025-12-26T17:10:18","date_gmt":"2025-12-26T17:10:18","guid":{"rendered":"https:\/\/stredog.com\/?page_id=249"},"modified":"2026-04-22T05:33:31","modified_gmt":"2026-04-22T05:33:31","slug":"condizionamento-fisico-e-preparazione-atletica-del-cane","status":"publish","type":"page","link":"https:\/\/stredog.com\/de\/condizionamento-fisico-e-preparazione-atletica-del-cane\/","title":{"rendered":"Konditionstraining und athletische Vorbereitung des Hundes"},"content":{"rendered":"[vc_row type=&#8221;in_container&#8221; full_screen_row_position=&#8221;middle&#8221; column_margin=&#8221;default&#8221; column_direction=&#8221;default&#8221; column_direction_tablet=&#8221;default&#8221; column_direction_phone=&#8221;default&#8221; scene_position=&#8221;center&#8221; top_padding=&#8221;3%&#8221; text_color=&#8221;dark&#8221; text_align=&#8221;left&#8221; row_border_radius=&#8221;none&#8221; row_border_radius_applies=&#8221;bg&#8221; row_position_desktop=&#8221;default&#8221; row_position_tablet=&#8221;inherit&#8221; row_position_phone=&#8221;inherit&#8221; overflow=&#8221;visible&#8221; overlay_strength=&#8221;0.3&#8243; gradient_direction=&#8221;left_to_right&#8221; shape_divider_position=&#8221;bottom&#8221; bg_image_animation=&#8221;none&#8221; gradient_type=&#8221;default&#8221; shape_type=&#8221;&#8221;][vc_column column_padding=&#8221;no-extra-padding&#8221; column_padding_tablet=&#8221;inherit&#8221; column_padding_phone=&#8221;inherit&#8221; column_padding_position=&#8221;all&#8221; flex_gap_desktop=&#8221;10px&#8221; column_element_direction_desktop=&#8221;default&#8221; column_element_spacing=&#8221;default&#8221; desktop_text_alignment=&#8221;default&#8221; tablet_text_alignment=&#8221;default&#8221; phone_text_alignment=&#8221;default&#8221; background_color_opacity=&#8221;1&#8243; background_hover_color_opacity=&#8221;1&#8243; column_backdrop_filter=&#8221;none&#8221; column_shadow=&#8221;none&#8221; column_border_radius=&#8221;none&#8221; column_link_target=&#8221;_self&#8221; column_position=&#8221;default&#8221; gradient_direction=&#8221;left_to_right&#8221; overlay_strength=&#8221;0.3&#8243; width=&#8221;1\/1&#8243; tablet_width_inherit=&#8221;default&#8221; animation_type=&#8221;default&#8221; bg_image_animation=&#8221;none&#8221; border_type=&#8221;simple&#8221; column_border_width=&#8221;none&#8221; column_border_style=&#8221;solid&#8221;][vc_column_text css=&#8221;&#8221; text_direction=&#8221;default&#8221;]\n<p class=\"p1\">Das k\u00f6rperliche Konditionstraining ist ein grundlegender Bestandteil der Vorbereitung eines Sporthundes. Ein athletisch vorbereiteter Hund arbeitet effizienter, zeigt eine h\u00f6here Bewegungsqualit\u00e4t und reduziert das Verletzungsrisiko deutlich. Die k\u00f6rperliche Vorbereitung ist kein separater Aspekt vom technischen Training, sondern ein integraler Bestandteil des sportlichen Weges des Teams Hund\u2013Hundef\u00fchrer.<\/p>\n<p class=\"p1\">Die Programme f\u00fcr Konditionstraining und athletische Vorbereitung werden individuell auf den einzelnen Hund abgestimmt. Alter, k\u00f6rperliche Struktur, Trainingsniveau, ausge\u00fcbte Disziplin und sportliche Ziele sind entscheidende Faktoren bei der Planung. Das Training kann Muskelaufbau, Stabilit\u00e4ts\u00fcbungen, Koordinationstraining sowie eine gezielte Vorbereitung auf Wettk\u00e4mpfe umfassen, immer angepasst an die F\u00e4higkeiten und den Entwicklungsstand des Hundes.<\/p>\n<p class=\"p1\">Neben dem k\u00f6rperlichen Training wird auch den Aspekten Ern\u00e4hrung und m\u00f6glicher Supplementierung gro\u00dfe Aufmerksamkeit geschenkt. Ern\u00e4hrung und spezifische Erg\u00e4nzungen werden in Abh\u00e4ngigkeit von Trainingsbelastung, Phase der Sportsaison und individuellen Bed\u00fcrfnissen des Hundes bewertet, mit dem Ziel, Leistung und Regeneration ausgewogen zu unterst\u00fctzen.<\/p>\n<p class=\"p1\">Bei spezifischen Anforderungen kann das Programm auch physiotherapeutische Unterst\u00fctzung beinhalten. Dies erm\u00f6glicht ein gezieltes Eingreifen sowohl in der Pr\u00e4vention als auch in der Behandlung m\u00f6glicher Probleme und f\u00f6rdert eine korrekte Regeneration sowie die Kontinuit\u00e4t des Trainings \u00fcber die Zeit.<\/p>\n<p class=\"p1\">Eine zentrale Rolle spielt der Hundef\u00fchrer, der darin geschult wird, Verletzungen durch ein korrektes Warm-up und Cool-down zu vermeiden. Das Erlernen geeigneter Routinen vor und nach dem Training tr\u00e4gt dazu bei, den Hund zu sch\u00fctzen, die Trainingsqualit\u00e4t zu verbessern und eine langfristig stabile sportliche Laufbahn zu unterst\u00fctzen.<\/p>\n<p class=\"p1\">F\u00fcr Stredog ist das k\u00f6rperliche Konditionstraining ein strukturierter und bewusster Prozess, der den Sporthund in jeder Phase seiner Aktivit\u00e4t begleitet, mit dem Ziel, Gesundheit, Leistungsf\u00e4higkeit und Wohlbefinden langfristig zu erhalten.<\/p>\n[\/vc_column_text][\/vc_column][\/vc_row]\n","protected":false},"excerpt":{"rendered":"<p>[vc_row type=&#8221;in_container&#8221; full_screen_row_position=&#8221;middle&#8221; column_margin=&#8221;default&#8221; column_direction=&#8221;default&#8221; column_direction_tablet=&#8221;default&#8221; column_direction_phone=&#8221;default&#8221; scene_position=&#8221;center&#8221; top_padding=&#8221;3%&#8221; text_color=&#8221;dark&#8221; text_align=&#8221;left&#8221; row_border_radius=&#8221;none&#8221; row_border_radius_applies=&#8221;bg&#8221; row_position_desktop=&#8221;default&#8221; row_position_tablet=&#8221;inherit&#8221; row_position_phone=&#8221;inherit&#8221; overflow=&#8221;visible&#8221; overlay_strength=&#8221;0.3&#8243; gradient_direction=&#8221;left_to_right&#8221; shape_divider_position=&#8221;bottom&#8221; bg_image_animation=&#8221;none&#8221; gradient_type=&#8221;default&#8221; shape_type=&#8221;&#8221;][vc_column column_padding=&#8221;no-extra-padding&#8221; column_padding_tablet=&#8221;inherit&#8221; column_padding_phone=&#8221;inherit&#8221; column_padding_position=&#8221;all&#8221; flex_gap_desktop=&#8221;10px&#8221; column_element_direction_desktop=&#8221;default&#8221; column_element_spacing=&#8221;default&#8221;&#8230;<\/p>\n","protected":false},"author":1,"featured_media":0,"parent":0,"menu_order":0,"comment_status":"closed","ping_status":"closed","template":"","meta":{"footnotes":""},"class_list":["post-249","page","type-page","status-publish"],"yoast_head":"<!-- This site is optimized with the Yoast SEO plugin v27.0 - https:\/\/yoast.com\/product\/yoast-seo-wordpress\/ -->\n<title>Condizionamento fisico e preparazione atletica del cane sportivo<\/title>\n<meta name=\"description\" content=\"Condizionamento fisico del cane sportivo con programmi di rinforzo muscolare, preparazione alle competizioni e prevenzione degli infortuni.\" \/>\n<meta name=\"robots\" content=\"noindex, follow, max-snippet:-1, max-image-preview:large, max-video-preview:-1\" \/>\n<meta property=\"og:locale\" content=\"it_IT\" \/>\n<meta property=\"og:type\" content=\"article\" \/>\n<meta property=\"og:title\" content=\"Condizionamento fisico e preparazione atletica del cane sportivo\" \/>\n<meta property=\"og:description\" content=\"Condizionamento fisico del cane sportivo con programmi di rinforzo muscolare, preparazione alle competizioni e prevenzione degli infortuni.\" \/>\n<meta property=\"og:url\" content=\"https:\/\/stredog.com\/de\/condizionamento-fisico-e-preparazione-atletica-del-cane\/\" \/>\n<meta property=\"og:site_name\" content=\"StreDog\" \/>\n<meta property=\"article:modified_time\" content=\"2026-04-22T05:33:31+00:00\" \/>\n<meta name=\"twitter:card\" content=\"summary_large_image\" \/>\n<meta name=\"twitter:label1\" content=\"Tempo di lettura stimato\" \/>\n\t<meta name=\"twitter:data1\" content=\"2 minuti\" \/>\n<script type=\"application\/ld+json\" class=\"yoast-schema-graph\">{\"@context\":\"https:\/\/schema.org\",\"@graph\":[{\"@type\":\"WebPage\",\"@id\":\"https:\/\/stredog.com\/de\/condizionamento-fisico-e-preparazione-atletica-del-cane\/\",\"url\":\"https:\/\/stredog.com\/de\/condizionamento-fisico-e-preparazione-atletica-del-cane\/\",\"name\":\"Condizionamento fisico e preparazione atletica del cane sportivo\",\"isPartOf\":{\"@id\":\"https:\/\/stredog.com\/de\/#website\"},\"datePublished\":\"2025-12-26T17:10:18+00:00\",\"dateModified\":\"2026-04-22T05:33:31+00:00\",\"description\":\"Condizionamento fisico del cane sportivo con programmi di rinforzo muscolare, preparazione alle competizioni e prevenzione degli infortuni.\",\"breadcrumb\":{\"@id\":\"https:\/\/stredog.com\/de\/condizionamento-fisico-e-preparazione-atletica-del-cane\/#breadcrumb\"},\"inLanguage\":\"it-IT\",\"potentialAction\":[{\"@type\":\"ReadAction\",\"target\":[\"https:\/\/stredog.com\/de\/condizionamento-fisico-e-preparazione-atletica-del-cane\/\"]}]},{\"@type\":\"BreadcrumbList\",\"@id\":\"https:\/\/stredog.com\/de\/condizionamento-fisico-e-preparazione-atletica-del-cane\/#breadcrumb\",\"itemListElement\":[{\"@type\":\"ListItem\",\"position\":1,\"name\":\"Home\",\"item\":\"https:\/\/stredog.com\/de\/\"},{\"@type\":\"ListItem\",\"position\":2,\"name\":\"Konditionstraining und athletische Vorbereitung des Hundes\"}]},{\"@type\":\"WebSite\",\"@id\":\"https:\/\/stredog.com\/de\/#website\",\"url\":\"https:\/\/stredog.com\/de\/\",\"name\":\"StreDog\",\"description\":\"\",\"potentialAction\":[{\"@type\":\"SearchAction\",\"target\":{\"@type\":\"EntryPoint\",\"urlTemplate\":\"https:\/\/stredog.com\/de\/?s={search_term_string}\"},\"query-input\":{\"@type\":\"PropertyValueSpecification\",\"valueRequired\":true,\"valueName\":\"search_term_string\"}}],\"inLanguage\":\"it-IT\"}]}<\/script>\n<!-- \/ Yoast SEO plugin. -->","yoast_head_json":{"title":"Condizionamento fisico e preparazione atletica del cane sportivo","description":"Condizionamento fisico del cane sportivo con programmi di rinforzo muscolare, preparazione alle competizioni e prevenzione degli infortuni.","robots":{"index":"noindex","follow":"follow","max-snippet":"max-snippet:-1","max-image-preview":"max-image-preview:large","max-video-preview":"max-video-preview:-1"},"og_locale":"it_IT","og_type":"article","og_title":"Condizionamento fisico e preparazione atletica del cane sportivo","og_description":"Condizionamento fisico del cane sportivo con programmi di rinforzo muscolare, preparazione alle competizioni e prevenzione degli infortuni.","og_url":"https:\/\/stredog.com\/de\/condizionamento-fisico-e-preparazione-atletica-del-cane\/","og_site_name":"StreDog","article_modified_time":"2026-04-22T05:33:31+00:00","twitter_card":"summary_large_image","twitter_misc":{"Tempo di lettura stimato":"2 minuti"},"schema":{"@context":"https:\/\/schema.org","@graph":[{"@type":"WebPage","@id":"https:\/\/stredog.com\/de\/condizionamento-fisico-e-preparazione-atletica-del-cane\/","url":"https:\/\/stredog.com\/de\/condizionamento-fisico-e-preparazione-atletica-del-cane\/","name":"Condizionamento fisico e preparazione atletica del cane sportivo","isPartOf":{"@id":"https:\/\/stredog.com\/de\/#website"},"datePublished":"2025-12-26T17:10:18+00:00","dateModified":"2026-04-22T05:33:31+00:00","description":"Condizionamento fisico del cane sportivo con programmi di rinforzo muscolare, preparazione alle competizioni e prevenzione degli infortuni.","breadcrumb":{"@id":"https:\/\/stredog.com\/de\/condizionamento-fisico-e-preparazione-atletica-del-cane\/#breadcrumb"},"inLanguage":"it-IT","potentialAction":[{"@type":"ReadAction","target":["https:\/\/stredog.com\/de\/condizionamento-fisico-e-preparazione-atletica-del-cane\/"]}]},{"@type":"BreadcrumbList","@id":"https:\/\/stredog.com\/de\/condizionamento-fisico-e-preparazione-atletica-del-cane\/#breadcrumb","itemListElement":[{"@type":"ListItem","position":1,"name":"Home","item":"https:\/\/stredog.com\/de\/"},{"@type":"ListItem","position":2,"name":"Konditionstraining und athletische Vorbereitung des Hundes"}]},{"@type":"WebSite","@id":"https:\/\/stredog.com\/de\/#website","url":"https:\/\/stredog.com\/de\/","name":"StreDog","description":"","potentialAction":[{"@type":"SearchAction","target":{"@type":"EntryPoint","urlTemplate":"https:\/\/stredog.com\/de\/?s={search_term_string}"},"query-input":{"@type":"PropertyValueSpecification","valueRequired":true,"valueName":"search_term_string"}}],"inLanguage":"it-IT"}]}},"_links":{"self":[{"href":"https:\/\/stredog.com\/de\/wp-json\/wp\/v2\/pages\/249","targetHints":{"allow":["GET"]}}],"collection":[{"href":"https:\/\/stredog.com\/de\/wp-json\/wp\/v2\/pages"}],"about":[{"href":"https:\/\/stredog.com\/de\/wp-json\/wp\/v2\/types\/page"}],"author":[{"embeddable":true,"href":"https:\/\/stredog.com\/de\/wp-json\/wp\/v2\/users\/1"}],"replies":[{"embeddable":true,"href":"https:\/\/stredog.com\/de\/wp-json\/wp\/v2\/comments?post=249"}],"version-history":[{"count":4,"href":"https:\/\/stredog.com\/de\/wp-json\/wp\/v2\/pages\/249\/revisions"}],"predecessor-version":[{"id":650,"href":"https:\/\/stredog.com\/de\/wp-json\/wp\/v2\/pages\/249\/revisions\/650"}],"wp:attachment":[{"href":"https:\/\/stredog.com\/de\/wp-json\/wp\/v2\/media?parent=249"}],"curies":[{"name":"wp","href":"https:\/\/api.w.org\/{rel}","templated":true}]}}