{"id":243,"date":"2025-12-26T16:56:51","date_gmt":"2025-12-26T16:56:51","guid":{"rendered":"https:\/\/stredog.com\/?page_id=243"},"modified":"2026-04-22T05:28:00","modified_gmt":"2026-04-22T05:28:00","slug":"lavoro-con-il-figurante-nel-mondioring","status":"publish","type":"page","link":"https:\/\/stredog.com\/de\/lavoro-con-il-figurante-nel-mondioring\/","title":{"rendered":"Arbeit mit dem Helfer im Mondioring"},"content":{"rendered":"[vc_row type=&#8221;in_container&#8221; full_screen_row_position=&#8221;middle&#8221; column_margin=&#8221;default&#8221; column_direction=&#8221;default&#8221; column_direction_tablet=&#8221;default&#8221; column_direction_phone=&#8221;default&#8221; scene_position=&#8221;center&#8221; top_padding=&#8221;3%&#8221; text_color=&#8221;dark&#8221; text_align=&#8221;left&#8221; row_border_radius=&#8221;none&#8221; row_border_radius_applies=&#8221;bg&#8221; row_position_desktop=&#8221;default&#8221; row_position_tablet=&#8221;inherit&#8221; row_position_phone=&#8221;inherit&#8221; overflow=&#8221;visible&#8221; overlay_strength=&#8221;0.3&#8243; gradient_direction=&#8221;left_to_right&#8221; shape_divider_position=&#8221;bottom&#8221; bg_image_animation=&#8221;none&#8221; gradient_type=&#8221;default&#8221; shape_type=&#8221;&#8221;][vc_column column_padding=&#8221;no-extra-padding&#8221; column_padding_tablet=&#8221;inherit&#8221; column_padding_phone=&#8221;inherit&#8221; column_padding_position=&#8221;all&#8221; flex_gap_desktop=&#8221;10px&#8221; column_element_direction_desktop=&#8221;default&#8221; column_element_spacing=&#8221;default&#8221; desktop_text_alignment=&#8221;default&#8221; tablet_text_alignment=&#8221;default&#8221; phone_text_alignment=&#8221;default&#8221; background_color_opacity=&#8221;1&#8243; background_hover_color_opacity=&#8221;1&#8243; column_backdrop_filter=&#8221;none&#8221; column_shadow=&#8221;none&#8221; column_border_radius=&#8221;none&#8221; column_link_target=&#8221;_self&#8221; column_position=&#8221;default&#8221; gradient_direction=&#8221;left_to_right&#8221; overlay_strength=&#8221;0.3&#8243; width=&#8221;1\/1&#8243; tablet_width_inherit=&#8221;default&#8221; animation_type=&#8221;default&#8221; bg_image_animation=&#8221;none&#8221; border_type=&#8221;simple&#8221; column_border_width=&#8221;none&#8221; column_border_style=&#8221;solid&#8221;][vc_column_text css=&#8221;&#8221; text_direction=&#8221;default&#8221;]\n<p class=\"p1\">Die Arbeit mit dem Helfer im Mondioring ist eine sensible und entscheidende Phase in der technischen Entwicklung des Teams Hund\u2013Hundef\u00fchrer. Es geht nicht darum, standardisierte Abl\u00e4ufe zu wiederholen, sondern ein pr\u00e4zises, stimmiges und auf die Eigenschaften des einzelnen Hundes und seines Hundef\u00fchrers abgestimmtes Training aufzubauen. Bei Stredog wird die Arbeit mit dem Helfer immer individuell gestaltet, mit einem technischen und schrittweisen Ansatz.<\/p>\n<p class=\"p1\">Jeder Trainingsweg beginnt mit der Analyse des Teams Hund\u2013Hundef\u00fchrer und der definierten Ziele. Alter des Hundes, Erfahrungsstand, Charaktereigenschaften und aktueller Ausbildungsstand beeinflussen direkt, wie die Arbeit mit dem Helfer aufgebaut wird. So k\u00f6nnen gezielte \u00dcbungen entwickelt werden, ohne den Hund technisch zu \u00fcberfordern oder Fehler zu festigen, die langfristig die Qualit\u00e4t des Trainings beeintr\u00e4chtigen k\u00f6nnten.<\/p>\n<p class=\"p1\">Ein zentraler Bestandteil der Arbeit mit dem Helfer ist die Begleitung beim Aufbau und der Verbesserung der Bei\u00dftechnik. Wir arbeiten an der Klarheit der \u00dcbung, an einem sauberen Einstieg (Eingriff) und an der Qualit\u00e4t der Ausf\u00fchrung, wobei jede Phase an die F\u00e4higkeiten des Hundes angepasst wird. Die Technik wird nicht erzwungen, sondern schrittweise entwickelt, sodass der Hund sicher, pr\u00e4zise und mit Verst\u00e4ndnis arbeiten kann.<\/p>\n<p class=\"p1\">Die einzelnen Mondioring-\u00dcbungen werden gezielt und progressiv aufgebaut. Jede \u00dcbung wird analysiert, aufgeteilt und an die Bed\u00fcrfnisse des Teams angepasst, mit besonderem Fokus auf die Kommunikation zwischen Helfer, Hund und Hundef\u00fchrer. Dieser Ansatz verbessert die Qualit\u00e4t der Arbeit, reduziert Missverst\u00e4ndnisse und sorgt f\u00fcr mehr Stabilit\u00e4t sowohl im Training als auch im Wettkampf.<\/p>\n<p class=\"p1\">Der Fokus bleibt immer auf dem einzelnen Team Hund\u2013Hundef\u00fchrer. Die Trainingsprogramme folgen keiner starren Struktur, sondern werden im Laufe der Zeit entsprechend der Entwicklung des Teams angepasst. So wird die Arbeit mit dem Helfer zu einem echten Instrument der technischen Weiterentwicklung, das Hund und Hundef\u00fchrer auf ihrem sportlichen Weg nachhaltig begleitet.<\/p>\n<p class=\"p1\">F\u00fcr Stredog ist die Arbeit mit dem Helfer ein integraler Bestandteil einer bewussten und strukturierten Mondioring-Vorbereitung, bei der Technik, Beziehung und das Verst\u00e4ndnis f\u00fcr den Hund stets im Mittelpunkt stehen.<\/p>\n[\/vc_column_text][\/vc_column][\/vc_row]\n","protected":false},"excerpt":{"rendered":"<p>[vc_row type=&#8221;in_container&#8221; full_screen_row_position=&#8221;middle&#8221; column_margin=&#8221;default&#8221; column_direction=&#8221;default&#8221; column_direction_tablet=&#8221;default&#8221; column_direction_phone=&#8221;default&#8221; scene_position=&#8221;center&#8221; top_padding=&#8221;3%&#8221; text_color=&#8221;dark&#8221; text_align=&#8221;left&#8221; row_border_radius=&#8221;none&#8221; row_border_radius_applies=&#8221;bg&#8221; row_position_desktop=&#8221;default&#8221; row_position_tablet=&#8221;inherit&#8221; row_position_phone=&#8221;inherit&#8221; overflow=&#8221;visible&#8221; overlay_strength=&#8221;0.3&#8243; gradient_direction=&#8221;left_to_right&#8221; shape_divider_position=&#8221;bottom&#8221; bg_image_animation=&#8221;none&#8221; gradient_type=&#8221;default&#8221; shape_type=&#8221;&#8221;][vc_column column_padding=&#8221;no-extra-padding&#8221; column_padding_tablet=&#8221;inherit&#8221; column_padding_phone=&#8221;inherit&#8221; column_padding_position=&#8221;all&#8221; flex_gap_desktop=&#8221;10px&#8221; column_element_direction_desktop=&#8221;default&#8221; column_element_spacing=&#8221;default&#8221;&#8230;<\/p>\n","protected":false},"author":1,"featured_media":0,"parent":0,"menu_order":0,"comment_status":"closed","ping_status":"closed","template":"","meta":{"footnotes":""},"class_list":["post-243","page","type-page","status-publish"],"yoast_head":"<!-- This site is optimized with the Yoast SEO plugin v27.0 - https:\/\/yoast.com\/product\/yoast-seo-wordpress\/ -->\n<title>Arbeit mit dem Helfer im Mondioring: Technik und Aufbau<\/title>\n<meta name=\"description\" content=\"Die Arbeit mit dem Helfer im Mondioring verbessert Technik, Griffqualit\u00e4t und Kommunikation zwischen Hund und Hundef\u00fchrer.\" \/>\n<meta name=\"robots\" content=\"noindex, follow, max-snippet:-1, max-image-preview:large, max-video-preview:-1\" \/>\n<meta property=\"og:locale\" content=\"it_IT\" \/>\n<meta property=\"og:type\" content=\"article\" \/>\n<meta property=\"og:title\" content=\"Arbeit mit dem Helfer im Mondioring: Technik und Aufbau\" \/>\n<meta property=\"og:description\" content=\"Die Arbeit mit dem Helfer im Mondioring verbessert Technik, Griffqualit\u00e4t und Kommunikation zwischen Hund und Hundef\u00fchrer.\" \/>\n<meta property=\"og:url\" content=\"https:\/\/stredog.com\/de\/lavoro-con-il-figurante-nel-mondioring\/\" \/>\n<meta property=\"og:site_name\" content=\"StreDog\" \/>\n<meta property=\"article:modified_time\" content=\"2026-04-22T05:28:00+00:00\" \/>\n<meta name=\"twitter:card\" content=\"summary_large_image\" \/>\n<meta name=\"twitter:label1\" content=\"Tempo di lettura stimato\" \/>\n\t<meta name=\"twitter:data1\" content=\"2 minuti\" \/>\n<script type=\"application\/ld+json\" class=\"yoast-schema-graph\">{\"@context\":\"https:\/\/schema.org\",\"@graph\":[{\"@type\":\"WebPage\",\"@id\":\"https:\/\/stredog.com\/de\/lavoro-con-il-figurante-nel-mondioring\/\",\"url\":\"https:\/\/stredog.com\/de\/lavoro-con-il-figurante-nel-mondioring\/\",\"name\":\"Arbeit mit dem Helfer im Mondioring: Technik und Aufbau\",\"isPartOf\":{\"@id\":\"https:\/\/stredog.com\/de\/#website\"},\"datePublished\":\"2025-12-26T16:56:51+00:00\",\"dateModified\":\"2026-04-22T05:28:00+00:00\",\"description\":\"Die Arbeit mit dem Helfer im Mondioring verbessert Technik, Griffqualit\u00e4t und Kommunikation zwischen Hund und Hundef\u00fchrer.\",\"breadcrumb\":{\"@id\":\"https:\/\/stredog.com\/de\/lavoro-con-il-figurante-nel-mondioring\/#breadcrumb\"},\"inLanguage\":\"it-IT\",\"potentialAction\":[{\"@type\":\"ReadAction\",\"target\":[\"https:\/\/stredog.com\/de\/lavoro-con-il-figurante-nel-mondioring\/\"]}]},{\"@type\":\"BreadcrumbList\",\"@id\":\"https:\/\/stredog.com\/de\/lavoro-con-il-figurante-nel-mondioring\/#breadcrumb\",\"itemListElement\":[{\"@type\":\"ListItem\",\"position\":1,\"name\":\"Home\",\"item\":\"https:\/\/stredog.com\/de\/\"},{\"@type\":\"ListItem\",\"position\":2,\"name\":\"Arbeit mit dem Helfer im Mondioring\"}]},{\"@type\":\"WebSite\",\"@id\":\"https:\/\/stredog.com\/de\/#website\",\"url\":\"https:\/\/stredog.com\/de\/\",\"name\":\"StreDog\",\"description\":\"\",\"potentialAction\":[{\"@type\":\"SearchAction\",\"target\":{\"@type\":\"EntryPoint\",\"urlTemplate\":\"https:\/\/stredog.com\/de\/?s={search_term_string}\"},\"query-input\":{\"@type\":\"PropertyValueSpecification\",\"valueRequired\":true,\"valueName\":\"search_term_string\"}}],\"inLanguage\":\"it-IT\"}]}<\/script>\n<!-- \/ Yoast SEO plugin. -->","yoast_head_json":{"title":"Arbeit mit dem Helfer im Mondioring: Technik und Aufbau","description":"Die Arbeit mit dem Helfer im Mondioring verbessert Technik, Griffqualit\u00e4t und Kommunikation zwischen Hund und Hundef\u00fchrer.","robots":{"index":"noindex","follow":"follow","max-snippet":"max-snippet:-1","max-image-preview":"max-image-preview:large","max-video-preview":"max-video-preview:-1"},"og_locale":"it_IT","og_type":"article","og_title":"Arbeit mit dem Helfer im Mondioring: Technik und Aufbau","og_description":"Die Arbeit mit dem Helfer im Mondioring verbessert Technik, Griffqualit\u00e4t und Kommunikation zwischen Hund und Hundef\u00fchrer.","og_url":"https:\/\/stredog.com\/de\/lavoro-con-il-figurante-nel-mondioring\/","og_site_name":"StreDog","article_modified_time":"2026-04-22T05:28:00+00:00","twitter_card":"summary_large_image","twitter_misc":{"Tempo di lettura stimato":"2 minuti"},"schema":{"@context":"https:\/\/schema.org","@graph":[{"@type":"WebPage","@id":"https:\/\/stredog.com\/de\/lavoro-con-il-figurante-nel-mondioring\/","url":"https:\/\/stredog.com\/de\/lavoro-con-il-figurante-nel-mondioring\/","name":"Arbeit mit dem Helfer im Mondioring: Technik und Aufbau","isPartOf":{"@id":"https:\/\/stredog.com\/de\/#website"},"datePublished":"2025-12-26T16:56:51+00:00","dateModified":"2026-04-22T05:28:00+00:00","description":"Die Arbeit mit dem Helfer im Mondioring verbessert Technik, Griffqualit\u00e4t und Kommunikation zwischen Hund und Hundef\u00fchrer.","breadcrumb":{"@id":"https:\/\/stredog.com\/de\/lavoro-con-il-figurante-nel-mondioring\/#breadcrumb"},"inLanguage":"it-IT","potentialAction":[{"@type":"ReadAction","target":["https:\/\/stredog.com\/de\/lavoro-con-il-figurante-nel-mondioring\/"]}]},{"@type":"BreadcrumbList","@id":"https:\/\/stredog.com\/de\/lavoro-con-il-figurante-nel-mondioring\/#breadcrumb","itemListElement":[{"@type":"ListItem","position":1,"name":"Home","item":"https:\/\/stredog.com\/de\/"},{"@type":"ListItem","position":2,"name":"Arbeit mit dem Helfer im Mondioring"}]},{"@type":"WebSite","@id":"https:\/\/stredog.com\/de\/#website","url":"https:\/\/stredog.com\/de\/","name":"StreDog","description":"","potentialAction":[{"@type":"SearchAction","target":{"@type":"EntryPoint","urlTemplate":"https:\/\/stredog.com\/de\/?s={search_term_string}"},"query-input":{"@type":"PropertyValueSpecification","valueRequired":true,"valueName":"search_term_string"}}],"inLanguage":"it-IT"}]}},"_links":{"self":[{"href":"https:\/\/stredog.com\/de\/wp-json\/wp\/v2\/pages\/243","targetHints":{"allow":["GET"]}}],"collection":[{"href":"https:\/\/stredog.com\/de\/wp-json\/wp\/v2\/pages"}],"about":[{"href":"https:\/\/stredog.com\/de\/wp-json\/wp\/v2\/types\/page"}],"author":[{"embeddable":true,"href":"https:\/\/stredog.com\/de\/wp-json\/wp\/v2\/users\/1"}],"replies":[{"embeddable":true,"href":"https:\/\/stredog.com\/de\/wp-json\/wp\/v2\/comments?post=243"}],"version-history":[{"count":4,"href":"https:\/\/stredog.com\/de\/wp-json\/wp\/v2\/pages\/243\/revisions"}],"predecessor-version":[{"id":648,"href":"https:\/\/stredog.com\/de\/wp-json\/wp\/v2\/pages\/243\/revisions\/648"}],"wp:attachment":[{"href":"https:\/\/stredog.com\/de\/wp-json\/wp\/v2\/media?parent=243"}],"curies":[{"name":"wp","href":"https:\/\/api.w.org\/{rel}","templated":true}]}}