{"id":240,"date":"2025-12-26T12:22:27","date_gmt":"2025-12-26T12:22:27","guid":{"rendered":"https:\/\/stredog.com\/?page_id=240"},"modified":"2026-04-21T23:12:45","modified_gmt":"2026-04-21T23:12:45","slug":"preparazione-tecnica-al-mondioring","status":"publish","type":"page","link":"https:\/\/stredog.com\/de\/preparazione-tecnica-al-mondioring\/","title":{"rendered":"Technische Vorbereitung f\u00fcr Mondioring"},"content":{"rendered":"[vc_row type=&#8221;in_container&#8221; full_screen_row_position=&#8221;middle&#8221; column_margin=&#8221;default&#8221; column_direction=&#8221;default&#8221; column_direction_tablet=&#8221;default&#8221; column_direction_phone=&#8221;default&#8221; scene_position=&#8221;center&#8221; top_padding=&#8221;3%&#8221; text_color=&#8221;dark&#8221; text_align=&#8221;left&#8221; row_border_radius=&#8221;none&#8221; row_border_radius_applies=&#8221;bg&#8221; row_position_desktop=&#8221;default&#8221; row_position_tablet=&#8221;inherit&#8221; row_position_phone=&#8221;inherit&#8221; overflow=&#8221;visible&#8221; overlay_strength=&#8221;0.3&#8243; gradient_direction=&#8221;left_to_right&#8221; shape_divider_position=&#8221;bottom&#8221; bg_image_animation=&#8221;none&#8221; gradient_type=&#8221;default&#8221; shape_type=&#8221;&#8221;][vc_column column_padding=&#8221;no-extra-padding&#8221; column_padding_tablet=&#8221;inherit&#8221; column_padding_phone=&#8221;inherit&#8221; column_padding_position=&#8221;all&#8221; flex_gap_desktop=&#8221;10px&#8221; column_element_direction_desktop=&#8221;default&#8221; column_element_spacing=&#8221;default&#8221; desktop_text_alignment=&#8221;default&#8221; tablet_text_alignment=&#8221;default&#8221; phone_text_alignment=&#8221;default&#8221; background_color_opacity=&#8221;1&#8243; background_hover_color_opacity=&#8221;1&#8243; column_backdrop_filter=&#8221;none&#8221; column_shadow=&#8221;none&#8221; column_border_radius=&#8221;none&#8221; column_link_target=&#8221;_self&#8221; column_position=&#8221;default&#8221; gradient_direction=&#8221;left_to_right&#8221; overlay_strength=&#8221;0.3&#8243; width=&#8221;1\/1&#8243; tablet_width_inherit=&#8221;default&#8221; animation_type=&#8221;default&#8221; bg_image_animation=&#8221;none&#8221; border_type=&#8221;simple&#8221; column_border_width=&#8221;none&#8221; column_border_style=&#8221;solid&#8221;][vc_column_text css=&#8221;&#8221; text_direction=&#8221;default&#8221;]\n<p class=\"p1\">Die Vorbereitung auf Mondioring ist ein technisch anspruchsvoller Weg, der Erfahrung, Methode und eine klare Vorstellung von der Zusammenarbeit zwischen Hund und Hundef\u00fchrer erfordert. Ein effektives Training kann sich nicht auf standardisierte Abl\u00e4ufe oder vorgefertigte L\u00f6sungen st\u00fctzen: Jedes Team hat unterschiedliche Bed\u00fcrfnisse und ben\u00f6tigt einen individuell aufgebauten Trainingsweg. Bei Stredog beginnen wir die Mondioring-Vorbereitung immer mit einer konkreten Analyse der Arbeit auf dem Platz.<\/p>\n<p class=\"p1\">Die technische Arbeit startet mit einer detaillierten Analyse der einzelnen Mondioring-\u00dcbungen. Jede \u00dcbung wird zerlegt, untersucht und neu aufgebaut, wobei technische Pr\u00e4zision, Klarheit der Signale und das Verst\u00e4ndnis des Hundes im Mittelpunkt stehen. Dieser Ansatz erm\u00f6glicht es, Schwierigkeiten gezielt zu erkennen und daran zu arbeiten, ohne Fehler zu festigen, die langfristig die Qualit\u00e4t des Trainings beeintr\u00e4chtigen k\u00f6nnten.<\/p>\n<p class=\"p1\">Ein zentraler Aspekt der technischen Vorbereitung im Mondioring ist die Rolle des Hundef\u00fchrers. Wir zeigen nicht nur, wie eine \u00dcbung ausgef\u00fchrt wird, sondern arbeiten an einem tiefen Verst\u00e4ndnis des Trainings: warum eine \u00dcbung auf eine bestimmte Weise aufgebaut wird, welche Phasen entscheidend sind und wie sie an den eigenen Hund angepasst werden kann. Der Hundef\u00fchrer wird Schritt f\u00fcr Schritt begleitet und entwickelt praktische Werkzeuge, die er auch eigenst\u00e4ndig in zuk\u00fcnftigen Trainingseinheiten anwenden kann.<\/p>\n<p class=\"p1\">Das Mondioring-Training beschr\u00e4nkt sich nicht nur auf technische Abl\u00e4ufe, sondern zielt auch auf die Verbesserung der Gesamtleistung des Teams Hund\u2013Hundef\u00fchrer ab. Wir arbeiten daran, Pr\u00e4zision, Kontinuit\u00e4t und Zuverl\u00e4ssigkeit sowohl im Training als auch im Wettkampf zu steigern. Themen wie der Umgang mit Druck, die F\u00e4higkeit, Konzentration und Arbeitsqualit\u00e4t in unterschiedlichen Situationen aufrechtzuerhalten, sowie die Stabilit\u00e4t der Ausf\u00fchrung auch unter anspruchsvollen Bedingungen werden gezielt trainiert.<\/p>\n<p class=\"p1\">Jeder Trainingsweg wird individuell auf die Bed\u00fcrfnisse des jeweiligen Teams abgestimmt. Alter des Hundes, Erfahrungsstand, sportliche Ziele sowie charakterliche und k\u00f6rperliche Eigenschaften sind entscheidende Faktoren bei der Planung des Trainings. Dieser Ansatz macht die Mondioring-Vorbereitung sowohl f\u00fcr Einsteiger als auch f\u00fcr fortgeschrittene Teams effektiv, die ihre technische Leistung weiterentwickeln m\u00f6chten.<\/p>\n<p class=\"p1\">F\u00fcr Stredog ist die technische Vorbereitung im Mondioring ein strukturierter und koh\u00e4renter Prozess, der die Beziehung zwischen Hund und Hundef\u00fchrer in den Mittelpunkt stellt. Ein Training, das auf dem Platz entsteht, sich Einheit f\u00fcr Einheit weiterentwickelt und auf eine stabile, verst\u00e4ndliche und langfristig reproduzierbare Leistung abzielt.<\/p>\n[\/vc_column_text][\/vc_column][\/vc_row]\n","protected":false},"excerpt":{"rendered":"<p>[vc_row type=&#8221;in_container&#8221; full_screen_row_position=&#8221;middle&#8221; column_margin=&#8221;default&#8221; column_direction=&#8221;default&#8221; column_direction_tablet=&#8221;default&#8221; column_direction_phone=&#8221;default&#8221; scene_position=&#8221;center&#8221; top_padding=&#8221;3%&#8221; text_color=&#8221;dark&#8221; text_align=&#8221;left&#8221; row_border_radius=&#8221;none&#8221; row_border_radius_applies=&#8221;bg&#8221; row_position_desktop=&#8221;default&#8221; row_position_tablet=&#8221;inherit&#8221; row_position_phone=&#8221;inherit&#8221; overflow=&#8221;visible&#8221; overlay_strength=&#8221;0.3&#8243; gradient_direction=&#8221;left_to_right&#8221; shape_divider_position=&#8221;bottom&#8221; bg_image_animation=&#8221;none&#8221; gradient_type=&#8221;default&#8221; shape_type=&#8221;&#8221;][vc_column column_padding=&#8221;no-extra-padding&#8221; column_padding_tablet=&#8221;inherit&#8221; column_padding_phone=&#8221;inherit&#8221; column_padding_position=&#8221;all&#8221; flex_gap_desktop=&#8221;10px&#8221; column_element_direction_desktop=&#8221;default&#8221; column_element_spacing=&#8221;default&#8221;&#8230;<\/p>\n","protected":false},"author":1,"featured_media":0,"parent":0,"menu_order":0,"comment_status":"closed","ping_status":"closed","template":"","meta":{"footnotes":""},"class_list":["post-240","page","type-page","status-publish"],"yoast_head":"<!-- This site is optimized with the Yoast SEO plugin v27.0 - https:\/\/yoast.com\/product\/yoast-seo-wordpress\/ -->\n<title>Technische Vorbereitung f\u00fcr Mondioring<\/title>\n<meta name=\"description\" content=\"Technische Vorbereitung f\u00fcr Mondioring mit individuell abgestimmten Trainingswegen f\u00fcr Hund und Hundef\u00fchrer. Analyse der \u00dcbungen, strukturierter Aufbau der Arbeit und gezielte Verbesserung der Leistung im Wettkampf.\" \/>\n<meta name=\"robots\" content=\"noindex, follow, max-snippet:-1, max-image-preview:large, max-video-preview:-1\" \/>\n<meta property=\"og:locale\" content=\"it_IT\" \/>\n<meta property=\"og:type\" content=\"article\" \/>\n<meta property=\"og:title\" content=\"Technische Vorbereitung f\u00fcr Mondioring\" \/>\n<meta property=\"og:description\" content=\"Technische Vorbereitung f\u00fcr Mondioring mit individuell abgestimmten Trainingswegen f\u00fcr Hund und Hundef\u00fchrer. Analyse der \u00dcbungen, strukturierter Aufbau der Arbeit und gezielte Verbesserung der Leistung im Wettkampf.\" \/>\n<meta property=\"og:url\" content=\"https:\/\/stredog.com\/de\/preparazione-tecnica-al-mondioring\/\" \/>\n<meta property=\"og:site_name\" content=\"StreDog\" \/>\n<meta property=\"article:modified_time\" content=\"2026-04-21T23:12:45+00:00\" \/>\n<meta name=\"twitter:card\" content=\"summary_large_image\" \/>\n<meta name=\"twitter:label1\" content=\"Tempo di lettura stimato\" \/>\n\t<meta name=\"twitter:data1\" content=\"2 minuti\" \/>\n<script type=\"application\/ld+json\" class=\"yoast-schema-graph\">{\"@context\":\"https:\/\/schema.org\",\"@graph\":[{\"@type\":\"WebPage\",\"@id\":\"https:\/\/stredog.com\/de\/preparazione-tecnica-al-mondioring\/\",\"url\":\"https:\/\/stredog.com\/de\/preparazione-tecnica-al-mondioring\/\",\"name\":\"Technische Vorbereitung f\u00fcr Mondioring\",\"isPartOf\":{\"@id\":\"https:\/\/stredog.com\/de\/#website\"},\"datePublished\":\"2025-12-26T12:22:27+00:00\",\"dateModified\":\"2026-04-21T23:12:45+00:00\",\"description\":\"Technische Vorbereitung f\u00fcr Mondioring mit individuell abgestimmten Trainingswegen f\u00fcr Hund und Hundef\u00fchrer. Analyse der \u00dcbungen, strukturierter Aufbau der Arbeit und gezielte Verbesserung der Leistung im Wettkampf.\",\"breadcrumb\":{\"@id\":\"https:\/\/stredog.com\/de\/preparazione-tecnica-al-mondioring\/#breadcrumb\"},\"inLanguage\":\"it-IT\",\"potentialAction\":[{\"@type\":\"ReadAction\",\"target\":[\"https:\/\/stredog.com\/de\/preparazione-tecnica-al-mondioring\/\"]}]},{\"@type\":\"BreadcrumbList\",\"@id\":\"https:\/\/stredog.com\/de\/preparazione-tecnica-al-mondioring\/#breadcrumb\",\"itemListElement\":[{\"@type\":\"ListItem\",\"position\":1,\"name\":\"Home\",\"item\":\"https:\/\/stredog.com\/de\/\"},{\"@type\":\"ListItem\",\"position\":2,\"name\":\"Technische Vorbereitung f\u00fcr Mondioring\"}]},{\"@type\":\"WebSite\",\"@id\":\"https:\/\/stredog.com\/de\/#website\",\"url\":\"https:\/\/stredog.com\/de\/\",\"name\":\"StreDog\",\"description\":\"\",\"potentialAction\":[{\"@type\":\"SearchAction\",\"target\":{\"@type\":\"EntryPoint\",\"urlTemplate\":\"https:\/\/stredog.com\/de\/?s={search_term_string}\"},\"query-input\":{\"@type\":\"PropertyValueSpecification\",\"valueRequired\":true,\"valueName\":\"search_term_string\"}}],\"inLanguage\":\"it-IT\"}]}<\/script>\n<!-- \/ Yoast SEO plugin. -->","yoast_head_json":{"title":"Technische Vorbereitung f\u00fcr Mondioring","description":"Technische Vorbereitung f\u00fcr Mondioring mit individuell abgestimmten Trainingswegen f\u00fcr Hund und Hundef\u00fchrer. Analyse der \u00dcbungen, strukturierter Aufbau der Arbeit und gezielte Verbesserung der Leistung im Wettkampf.","robots":{"index":"noindex","follow":"follow","max-snippet":"max-snippet:-1","max-image-preview":"max-image-preview:large","max-video-preview":"max-video-preview:-1"},"og_locale":"it_IT","og_type":"article","og_title":"Technische Vorbereitung f\u00fcr Mondioring","og_description":"Technische Vorbereitung f\u00fcr Mondioring mit individuell abgestimmten Trainingswegen f\u00fcr Hund und Hundef\u00fchrer. Analyse der \u00dcbungen, strukturierter Aufbau der Arbeit und gezielte Verbesserung der Leistung im Wettkampf.","og_url":"https:\/\/stredog.com\/de\/preparazione-tecnica-al-mondioring\/","og_site_name":"StreDog","article_modified_time":"2026-04-21T23:12:45+00:00","twitter_card":"summary_large_image","twitter_misc":{"Tempo di lettura stimato":"2 minuti"},"schema":{"@context":"https:\/\/schema.org","@graph":[{"@type":"WebPage","@id":"https:\/\/stredog.com\/de\/preparazione-tecnica-al-mondioring\/","url":"https:\/\/stredog.com\/de\/preparazione-tecnica-al-mondioring\/","name":"Technische Vorbereitung f\u00fcr Mondioring","isPartOf":{"@id":"https:\/\/stredog.com\/de\/#website"},"datePublished":"2025-12-26T12:22:27+00:00","dateModified":"2026-04-21T23:12:45+00:00","description":"Technische Vorbereitung f\u00fcr Mondioring mit individuell abgestimmten Trainingswegen f\u00fcr Hund und Hundef\u00fchrer. Analyse der \u00dcbungen, strukturierter Aufbau der Arbeit und gezielte Verbesserung der Leistung im Wettkampf.","breadcrumb":{"@id":"https:\/\/stredog.com\/de\/preparazione-tecnica-al-mondioring\/#breadcrumb"},"inLanguage":"it-IT","potentialAction":[{"@type":"ReadAction","target":["https:\/\/stredog.com\/de\/preparazione-tecnica-al-mondioring\/"]}]},{"@type":"BreadcrumbList","@id":"https:\/\/stredog.com\/de\/preparazione-tecnica-al-mondioring\/#breadcrumb","itemListElement":[{"@type":"ListItem","position":1,"name":"Home","item":"https:\/\/stredog.com\/de\/"},{"@type":"ListItem","position":2,"name":"Technische Vorbereitung f\u00fcr Mondioring"}]},{"@type":"WebSite","@id":"https:\/\/stredog.com\/de\/#website","url":"https:\/\/stredog.com\/de\/","name":"StreDog","description":"","potentialAction":[{"@type":"SearchAction","target":{"@type":"EntryPoint","urlTemplate":"https:\/\/stredog.com\/de\/?s={search_term_string}"},"query-input":{"@type":"PropertyValueSpecification","valueRequired":true,"valueName":"search_term_string"}}],"inLanguage":"it-IT"}]}},"_links":{"self":[{"href":"https:\/\/stredog.com\/de\/wp-json\/wp\/v2\/pages\/240","targetHints":{"allow":["GET"]}}],"collection":[{"href":"https:\/\/stredog.com\/de\/wp-json\/wp\/v2\/pages"}],"about":[{"href":"https:\/\/stredog.com\/de\/wp-json\/wp\/v2\/types\/page"}],"author":[{"embeddable":true,"href":"https:\/\/stredog.com\/de\/wp-json\/wp\/v2\/users\/1"}],"replies":[{"embeddable":true,"href":"https:\/\/stredog.com\/de\/wp-json\/wp\/v2\/comments?post=240"}],"version-history":[{"count":4,"href":"https:\/\/stredog.com\/de\/wp-json\/wp\/v2\/pages\/240\/revisions"}],"predecessor-version":[{"id":646,"href":"https:\/\/stredog.com\/de\/wp-json\/wp\/v2\/pages\/240\/revisions\/646"}],"wp:attachment":[{"href":"https:\/\/stredog.com\/de\/wp-json\/wp\/v2\/media?parent=240"}],"curies":[{"name":"wp","href":"https:\/\/api.w.org\/{rel}","templated":true}]}}